{"id":24384,"date":"2025-09-17T03:34:07","date_gmt":"2025-09-17T07:34:07","guid":{"rendered":"https:\/\/ezsecur.elsnerdev.com\/?post_type=product&#038;p=24384"},"modified":"2026-03-03T01:25:08","modified_gmt":"2026-03-03T06:25:08","slug":"tableau-de-bord-magnetique-effacable-a-sec-fini-lauzonite-moulure-en-aluminium-anodise-60x48-standard-iz","status":"publish","type":"product","link":"https:\/\/ezsecur.elsnerdev.com\/fr\/product\/tableau-de-bord-magnetique-effacable-a-sec-fini-lauzonite-moulure-en-aluminium-anodise-60x48-standard-iz\/","title":{"rendered":"Tableau de bord magn\u00e9tique effa\u00e7able \u00e0 sec &#8211; Fini Lauzonite &#8211; Moulure en aluminium anodis\u00e9 &#8211; 60&#215;48 &#8211; Standard IZ"},"content":{"rendered":"<p>Tableau de bord magn\u00e9tique blanc<br \/>\n&#8211; Dimension 60&#215;48,<br \/>\n&#8211; Fini Lauzonite<br \/>\n&#8211; Moulure en aluminium anodis\u00e9;<br \/>\n&#8211; Auget 24&Prime;<br \/>\n&#8211; kit efface crayon,<br \/>\n&#8211; kit d&rsquo;installation murale;<\/p>\n","protected":false},"excerpt":{"rendered":"<p>Tableau de bord magn\u00e9tique blanc &#8211; Dimension 60&#215;48, &#8211; Fini Lauzonite &#8211; Moulure en aluminium anodis\u00e9; &#8211; Auget 24&Prime; &#8211; kit efface crayon, &#8211; kit d&rsquo;installation<span class=\"excerpt-hellip\"> [\u2026]<\/span><\/p>\n","protected":false},"featured_media":28001,"template":"","meta":[],"product_brand":[],"product_cat":[446,450],"product_tag":[],"class_list":{"0":"post-24384","1":"product","2":"type-product","3":"status-publish","4":"has-post-thumbnail","6":"product_cat-amelioration-continue","7":"product_cat-tableaux-de-bord-et-accessoires","8":"pa_sku-std-tab-lau-60x48","9":"pa_unit-pc","11":"first","12":"instock","13":"taxable","14":"shipping-taxable","15":"purchasable","16":"product-type-simple"},"_links":{"self":[{"href":"https:\/\/ezsecur.elsnerdev.com\/fr\/wp-json\/wp\/v2\/product\/24384","targetHints":{"allow":["GET"]}}],"collection":[{"href":"https:\/\/ezsecur.elsnerdev.com\/fr\/wp-json\/wp\/v2\/product"}],"about":[{"href":"https:\/\/ezsecur.elsnerdev.com\/fr\/wp-json\/wp\/v2\/types\/product"}],"wp:featuredmedia":[{"embeddable":true,"href":"https:\/\/ezsecur.elsnerdev.com\/fr\/wp-json\/wp\/v2\/media\/28001"}],"wp:attachment":[{"href":"https:\/\/ezsecur.elsnerdev.com\/fr\/wp-json\/wp\/v2\/media?parent=24384"}],"wp:term":[{"taxonomy":"product_brand","embeddable":true,"href":"https:\/\/ezsecur.elsnerdev.com\/fr\/wp-json\/wp\/v2\/product_brand?post=24384"},{"taxonomy":"product_cat","embeddable":true,"href":"https:\/\/ezsecur.elsnerdev.com\/fr\/wp-json\/wp\/v2\/product_cat?post=24384"},{"taxonomy":"product_tag","embeddable":true,"href":"https:\/\/ezsecur.elsnerdev.com\/fr\/wp-json\/wp\/v2\/product_tag?post=24384"}],"curies":[{"name":"wp","href":"https:\/\/api.w.org\/{rel}","templated":true}]}}