{"id":24411,"date":"2025-09-18T13:32:31","date_gmt":"2025-09-18T17:32:31","guid":{"rendered":"https:\/\/ezsecur.elsnerdev.com\/?post_type=product&#038;p=24411"},"modified":"2026-03-03T01:25:14","modified_gmt":"2026-03-03T06:25:14","slug":"affiche-attention-camions-forestiers-aluminium-064-vinyle-grade-ingenieur-12x18","status":"publish","type":"product","link":"https:\/\/ezsecur.elsnerdev.com\/fr\/product\/affiche-attention-camions-forestiers-aluminium-064-vinyle-grade-ingenieur-12x18\/","title":{"rendered":"Affiche &#8211; Attention camions forestiers &#8211; Aluminium 064 &#8211; Vinyle grade ing\u00e9nieur &#8211; 12&#215;18"},"content":{"rendered":"<p>Affiche &#8211; Attention camions forestiers<br \/>\nDimensions: 12&#215;18<br \/>\nAluminium 064<br \/>\nCoins arrondis<br \/>\nVinyle grade ing\u00e9nieur<br \/>\nContours noir<br \/>\nFond blanc, pictogramme jaune et noir.<\/p>\n<p>Prix \u00e0 l&rsquo;unit\u00e9<\/p>\n","protected":false},"excerpt":{"rendered":"<p>Affiche &#8211; Attention camions forestiers Dimensions: 12&#215;18 Aluminium 064 Coins arrondis Vinyle grade ing\u00e9nieur Contours noir Fond blanc, pictogramme jaune et noir. Prix \u00e0 l&rsquo;unit\u00e9<\/p>\n","protected":false},"featured_media":28007,"template":"","meta":[],"product_brand":[],"product_cat":[389,401],"product_tag":[],"class_list":{"0":"post-24411","1":"product","2":"type-product","3":"status-publish","4":"has-post-thumbnail","6":"product_cat-signalisation-industrielle-et-circulation-sur-site","7":"product_cat-affichage-industriel","8":"pa_sku-std-aff-att-cam-for-064-ing-12x18","9":"pa_unit-pc","11":"first","12":"instock","13":"taxable","14":"shipping-taxable","15":"purchasable","16":"product-type-simple"},"_links":{"self":[{"href":"https:\/\/ezsecur.elsnerdev.com\/fr\/wp-json\/wp\/v2\/product\/24411","targetHints":{"allow":["GET"]}}],"collection":[{"href":"https:\/\/ezsecur.elsnerdev.com\/fr\/wp-json\/wp\/v2\/product"}],"about":[{"href":"https:\/\/ezsecur.elsnerdev.com\/fr\/wp-json\/wp\/v2\/types\/product"}],"wp:featuredmedia":[{"embeddable":true,"href":"https:\/\/ezsecur.elsnerdev.com\/fr\/wp-json\/wp\/v2\/media\/28007"}],"wp:attachment":[{"href":"https:\/\/ezsecur.elsnerdev.com\/fr\/wp-json\/wp\/v2\/media?parent=24411"}],"wp:term":[{"taxonomy":"product_brand","embeddable":true,"href":"https:\/\/ezsecur.elsnerdev.com\/fr\/wp-json\/wp\/v2\/product_brand?post=24411"},{"taxonomy":"product_cat","embeddable":true,"href":"https:\/\/ezsecur.elsnerdev.com\/fr\/wp-json\/wp\/v2\/product_cat?post=24411"},{"taxonomy":"product_tag","embeddable":true,"href":"https:\/\/ezsecur.elsnerdev.com\/fr\/wp-json\/wp\/v2\/product_tag?post=24411"}],"curies":[{"name":"wp","href":"https:\/\/api.w.org\/{rel}","templated":true}]}}