{"id":24531,"date":"2025-09-23T15:36:00","date_gmt":"2025-09-23T19:36:00","guid":{"rendered":"https:\/\/ezsecur.elsnerdev.com\/?post_type=product&#038;p=24531"},"modified":"2026-03-03T01:25:29","modified_gmt":"2026-03-03T06:25:29","slug":"affiche-defense-de-manger-aluminium-064-vinyle-grade-ingenieur-12x18","status":"publish","type":"product","link":"https:\/\/ezsecur.elsnerdev.com\/fr\/product\/affiche-defense-de-manger-aluminium-064-vinyle-grade-ingenieur-12x18\/","title":{"rendered":"Affiche &#8211; D\u00e9fense de manger &#8211; Aluminium 064 &#8211; Vinyle grade ing\u00e9nieur &#8211; 12&#215;18"},"content":{"rendered":"<p>Affiche D\u00e9fense de manger<br \/>\nFond blanc, lettrage noir avec pictogramme<\/p>\n","protected":false},"excerpt":{"rendered":"<p>Affiche D\u00e9fense de manger Fond blanc, lettrage noir avec pictogramme<\/p>\n","protected":false},"featured_media":28033,"template":"","meta":[],"product_brand":[],"product_cat":[389,401],"product_tag":[],"class_list":{"0":"post-24531","1":"product","2":"type-product","3":"status-publish","4":"has-post-thumbnail","6":"product_cat-signalisation-industrielle-et-circulation-sur-site","7":"product_cat-affichage-industriel","8":"pa_sku-std-aff-def-mang-for-064-ing-12x18","9":"pa_unit-pc","11":"first","12":"instock","13":"taxable","14":"shipping-taxable","15":"purchasable","16":"product-type-simple"},"_links":{"self":[{"href":"https:\/\/ezsecur.elsnerdev.com\/fr\/wp-json\/wp\/v2\/product\/24531","targetHints":{"allow":["GET"]}}],"collection":[{"href":"https:\/\/ezsecur.elsnerdev.com\/fr\/wp-json\/wp\/v2\/product"}],"about":[{"href":"https:\/\/ezsecur.elsnerdev.com\/fr\/wp-json\/wp\/v2\/types\/product"}],"wp:featuredmedia":[{"embeddable":true,"href":"https:\/\/ezsecur.elsnerdev.com\/fr\/wp-json\/wp\/v2\/media\/28033"}],"wp:attachment":[{"href":"https:\/\/ezsecur.elsnerdev.com\/fr\/wp-json\/wp\/v2\/media?parent=24531"}],"wp:term":[{"taxonomy":"product_brand","embeddable":true,"href":"https:\/\/ezsecur.elsnerdev.com\/fr\/wp-json\/wp\/v2\/product_brand?post=24531"},{"taxonomy":"product_cat","embeddable":true,"href":"https:\/\/ezsecur.elsnerdev.com\/fr\/wp-json\/wp\/v2\/product_cat?post=24531"},{"taxonomy":"product_tag","embeddable":true,"href":"https:\/\/ezsecur.elsnerdev.com\/fr\/wp-json\/wp\/v2\/product_tag?post=24531"}],"curies":[{"name":"wp","href":"https:\/\/api.w.org\/{rel}","templated":true}]}}