{"id":24664,"date":"2025-09-30T02:42:00","date_gmt":"2025-09-30T06:42:00","guid":{"rendered":"https:\/\/ezsecur.elsnerdev.com\/?post_type=product&#038;p=24664"},"modified":"2026-03-03T01:25:48","modified_gmt":"2026-03-03T06:25:48","slug":"affiche-interdiction-de-faire-demi-tour-24x24-standard","status":"publish","type":"product","link":"https:\/\/ezsecur.elsnerdev.com\/fr\/product\/affiche-interdiction-de-faire-demi-tour-24x24-standard\/","title":{"rendered":"Affiche &#8211; Interdiction de faire demi tour &#8211; 24&#215;24 &#8211; STANDARD"},"content":{"rendered":"<p>Affiche Interdiction de faire demi-tour<br \/>\nDimensions 24&#215;24<br \/>\nAluminium 0.064<br \/>\nVinyle Grade Ing\u00e9nieur<br \/>\nImpression UV<br \/>\nFond blanc avec pictogramme<br \/>\nInterdiction de faire demi-tour<\/p>\n<p>Prix \u00e0 l&rsquo;unit\u00e9<\/p>\n","protected":false},"excerpt":{"rendered":"<p>Affiche Interdiction de faire demi-tour Dimensions 24&#215;24 Aluminium 0.064 Vinyle Grade Ing\u00e9nieur Impression UV Fond blanc avec pictogramme Interdiction de faire demi-tour Prix \u00e0 l&rsquo;unit\u00e9<\/p>\n","protected":false},"featured_media":28062,"template":"","meta":[],"product_brand":[],"product_cat":[2624,389,405],"product_tag":[],"class_list":{"0":"post-24664","1":"product","2":"type-product","3":"status-publish","4":"has-post-thumbnail","6":"product_cat-signalisation-de-prescription","7":"product_cat-signalisation-industrielle-et-circulation-sur-site","8":"product_cat-panneaux-de-signalisation-routiere","9":"pa_sku-std-aff-int-tour-24x24","10":"pa_unit-pc","12":"first","13":"instock","14":"taxable","15":"shipping-taxable","16":"purchasable","17":"product-type-simple"},"_links":{"self":[{"href":"https:\/\/ezsecur.elsnerdev.com\/fr\/wp-json\/wp\/v2\/product\/24664","targetHints":{"allow":["GET"]}}],"collection":[{"href":"https:\/\/ezsecur.elsnerdev.com\/fr\/wp-json\/wp\/v2\/product"}],"about":[{"href":"https:\/\/ezsecur.elsnerdev.com\/fr\/wp-json\/wp\/v2\/types\/product"}],"wp:featuredmedia":[{"embeddable":true,"href":"https:\/\/ezsecur.elsnerdev.com\/fr\/wp-json\/wp\/v2\/media\/28062"}],"wp:attachment":[{"href":"https:\/\/ezsecur.elsnerdev.com\/fr\/wp-json\/wp\/v2\/media?parent=24664"}],"wp:term":[{"taxonomy":"product_brand","embeddable":true,"href":"https:\/\/ezsecur.elsnerdev.com\/fr\/wp-json\/wp\/v2\/product_brand?post=24664"},{"taxonomy":"product_cat","embeddable":true,"href":"https:\/\/ezsecur.elsnerdev.com\/fr\/wp-json\/wp\/v2\/product_cat?post=24664"},{"taxonomy":"product_tag","embeddable":true,"href":"https:\/\/ezsecur.elsnerdev.com\/fr\/wp-json\/wp\/v2\/product_tag?post=24664"}],"curies":[{"name":"wp","href":"https:\/\/api.w.org\/{rel}","templated":true}]}}