{"id":24677,"date":"2025-09-30T04:40:20","date_gmt":"2025-09-30T08:40:20","guid":{"rendered":"https:\/\/ezsecur.elsnerdev.com\/?post_type=product&#038;p=24677"},"modified":"2026-03-03T01:25:52","modified_gmt":"2026-03-03T06:25:52","slug":"affiche-signal-avance-darret-aluminium-0-064-vinyle-grade-ingenieur-24x24-standard","status":"publish","type":"product","link":"https:\/\/ezsecur.elsnerdev.com\/fr\/product\/affiche-signal-avance-darret-aluminium-0-064-vinyle-grade-ingenieur-24x24-standard\/","title":{"rendered":"Affiche &#8211; Signal avanc\u00e9 d&rsquo;arr\u00eat &#8211; Aluminium 0.064 &#8211; Vinyle Grade Ing\u00e9nieur &#8211; 24&#215;24 &#8211; STANDARD"},"content":{"rendered":"<p>Affiche sur aluminium 0.064, visuel sur vinyle grade ing\u00e9nieur.<br \/>\nArr\u00eat \u00e0 venir<\/p>\n","protected":false},"excerpt":{"rendered":"<p>Affiche sur aluminium 0.064, visuel sur vinyle grade ing\u00e9nieur. Arr\u00eat \u00e0 venir<\/p>\n","protected":false},"featured_media":28064,"template":"","meta":[],"product_brand":[],"product_cat":[2626,389,405],"product_tag":[],"class_list":{"0":"post-24677","1":"product","2":"type-product","3":"status-publish","4":"has-post-thumbnail","6":"product_cat-signalisation-de-danger","7":"product_cat-signalisation-industrielle-et-circulation-sur-site","8":"product_cat-panneaux-de-signalisation-routiere","9":"pa_sku-std-aff-sig-arr-064-ing-24x24","10":"pa_unit-pc","12":"first","13":"instock","14":"taxable","15":"shipping-taxable","16":"purchasable","17":"product-type-simple"},"_links":{"self":[{"href":"https:\/\/ezsecur.elsnerdev.com\/fr\/wp-json\/wp\/v2\/product\/24677","targetHints":{"allow":["GET"]}}],"collection":[{"href":"https:\/\/ezsecur.elsnerdev.com\/fr\/wp-json\/wp\/v2\/product"}],"about":[{"href":"https:\/\/ezsecur.elsnerdev.com\/fr\/wp-json\/wp\/v2\/types\/product"}],"wp:featuredmedia":[{"embeddable":true,"href":"https:\/\/ezsecur.elsnerdev.com\/fr\/wp-json\/wp\/v2\/media\/28064"}],"wp:attachment":[{"href":"https:\/\/ezsecur.elsnerdev.com\/fr\/wp-json\/wp\/v2\/media?parent=24677"}],"wp:term":[{"taxonomy":"product_brand","embeddable":true,"href":"https:\/\/ezsecur.elsnerdev.com\/fr\/wp-json\/wp\/v2\/product_brand?post=24677"},{"taxonomy":"product_cat","embeddable":true,"href":"https:\/\/ezsecur.elsnerdev.com\/fr\/wp-json\/wp\/v2\/product_cat?post=24677"},{"taxonomy":"product_tag","embeddable":true,"href":"https:\/\/ezsecur.elsnerdev.com\/fr\/wp-json\/wp\/v2\/product_tag?post=24677"}],"curies":[{"name":"wp","href":"https:\/\/api.w.org\/{rel}","templated":true}]}}