{"id":24682,"date":"2025-09-30T05:07:22","date_gmt":"2025-09-30T09:07:22","guid":{"rendered":"https:\/\/ezsecur.elsnerdev.com\/?post_type=product&#038;p=24682"},"modified":"2026-03-03T01:25:53","modified_gmt":"2026-03-03T06:25:53","slug":"affiche-signal-avance-de-stop-aluminium-0-064-vinyle-grade-ingenieur-24x24-standard","status":"publish","type":"product","link":"https:\/\/ezsecur.elsnerdev.com\/fr\/product\/affiche-signal-avance-de-stop-aluminium-0-064-vinyle-grade-ingenieur-24x24-standard\/","title":{"rendered":"Affiche &#8211; Signal avanc\u00e9 de stop &#8211; Aluminium 0.064 &#8211; Vinyle Grade Ing\u00e9nieur &#8211; 24&#215;24 &#8211; STANDARD"},"content":{"rendered":"<p>Affiche &#8211; Arr\u00eat \u00e0 venir<br \/>\nDimensions: 24&#215;24<br \/>\nAluminium 064<br \/>\nForme lozange<br \/>\nVinyle grade ing\u00e9nieur<br \/>\nContours noir<br \/>\nFond jaune, pictogramme rouge et blanc.<\/p>\n<p>Prix \u00e0 l&rsquo;unit\u00e9<\/p>\n","protected":false},"excerpt":{"rendered":"<p>Affiche &#8211; Arr\u00eat \u00e0 venir Dimensions: 24&#215;24 Aluminium 064 Forme lozange Vinyle grade ing\u00e9nieur Contours noir Fond jaune, pictogramme rouge et blanc. Prix \u00e0 l&rsquo;unit\u00e9<\/p>\n","protected":false},"featured_media":28065,"template":"","meta":[],"product_brand":[],"product_cat":[2626,389,405],"product_tag":[],"class_list":{"0":"post-24682","1":"product","2":"type-product","3":"status-publish","4":"has-post-thumbnail","6":"product_cat-signalisation-de-danger","7":"product_cat-signalisation-industrielle-et-circulation-sur-site","8":"product_cat-panneaux-de-signalisation-routiere","9":"pa_sku-std-aff-sig-stop-064-ing-24x24","10":"pa_unit-pc","12":"first","13":"instock","14":"taxable","15":"shipping-taxable","16":"purchasable","17":"product-type-simple"},"_links":{"self":[{"href":"https:\/\/ezsecur.elsnerdev.com\/fr\/wp-json\/wp\/v2\/product\/24682","targetHints":{"allow":["GET"]}}],"collection":[{"href":"https:\/\/ezsecur.elsnerdev.com\/fr\/wp-json\/wp\/v2\/product"}],"about":[{"href":"https:\/\/ezsecur.elsnerdev.com\/fr\/wp-json\/wp\/v2\/types\/product"}],"wp:featuredmedia":[{"embeddable":true,"href":"https:\/\/ezsecur.elsnerdev.com\/fr\/wp-json\/wp\/v2\/media\/28065"}],"wp:attachment":[{"href":"https:\/\/ezsecur.elsnerdev.com\/fr\/wp-json\/wp\/v2\/media?parent=24682"}],"wp:term":[{"taxonomy":"product_brand","embeddable":true,"href":"https:\/\/ezsecur.elsnerdev.com\/fr\/wp-json\/wp\/v2\/product_brand?post=24682"},{"taxonomy":"product_cat","embeddable":true,"href":"https:\/\/ezsecur.elsnerdev.com\/fr\/wp-json\/wp\/v2\/product_cat?post=24682"},{"taxonomy":"product_tag","embeddable":true,"href":"https:\/\/ezsecur.elsnerdev.com\/fr\/wp-json\/wp\/v2\/product_tag?post=24682"}],"curies":[{"name":"wp","href":"https:\/\/api.w.org\/{rel}","templated":true}]}}