{"id":24694,"date":"2025-09-30T10:46:26","date_gmt":"2025-09-30T14:46:26","guid":{"rendered":"https:\/\/ezsecur.elsnerdev.com\/?post_type=product&#038;p=24694"},"modified":"2026-03-03T01:25:54","modified_gmt":"2026-03-03T06:25:54","slug":"affiche-vehicule-interdit-aluminium-0-064-vinyle-grade-ingenieur-imprime-lamine-glace-24x24-standard","status":"publish","type":"product","link":"https:\/\/ezsecur.elsnerdev.com\/fr\/product\/affiche-vehicule-interdit-aluminium-0-064-vinyle-grade-ingenieur-imprime-lamine-glace-24x24-standard\/","title":{"rendered":"Affiche &#8211; V\u00e9hicule interdit &#8211; Aluminium 0.064 &#8211; Vinyle Grade Ing\u00e9nieur Imprim\u00e9 Lamin\u00e9 Glac\u00e9 &#8211; 24&#215;24 &#8211; STANDARD"},"content":{"rendered":"<p>Affiche v\u00e9hicule interdit &#8211; Aluminium 0.064 &#8211; Vinyle Grade Ing\u00e9nieur Imprim\u00e9 Lamin\u00e9 Glac\u00e9<br \/>\n&#8211; 24&#215;24 &#8211; STANDARD<\/p>\n","protected":false},"excerpt":{"rendered":"<p>Affiche v\u00e9hicule interdit &#8211; Aluminium 0.064 &#8211; Vinyle Grade Ing\u00e9nieur Imprim\u00e9 Lamin\u00e9 Glac\u00e9 &#8211; 24&#215;24 &#8211; STANDARD<\/p>\n","protected":false},"featured_media":28068,"template":"","meta":[],"product_brand":[],"product_cat":[2624,389,405],"product_tag":[],"class_list":{"0":"post-24694","1":"product","2":"type-product","3":"status-publish","4":"has-post-thumbnail","6":"product_cat-signalisation-de-prescription","7":"product_cat-signalisation-industrielle-et-circulation-sur-site","8":"product_cat-panneaux-de-signalisation-routiere","9":"pa_sku-std-aff-vit-ing-gla-24x24","10":"pa_unit-pc","12":"first","13":"instock","14":"taxable","15":"shipping-taxable","16":"purchasable","17":"product-type-simple"},"_links":{"self":[{"href":"https:\/\/ezsecur.elsnerdev.com\/fr\/wp-json\/wp\/v2\/product\/24694","targetHints":{"allow":["GET"]}}],"collection":[{"href":"https:\/\/ezsecur.elsnerdev.com\/fr\/wp-json\/wp\/v2\/product"}],"about":[{"href":"https:\/\/ezsecur.elsnerdev.com\/fr\/wp-json\/wp\/v2\/types\/product"}],"wp:featuredmedia":[{"embeddable":true,"href":"https:\/\/ezsecur.elsnerdev.com\/fr\/wp-json\/wp\/v2\/media\/28068"}],"wp:attachment":[{"href":"https:\/\/ezsecur.elsnerdev.com\/fr\/wp-json\/wp\/v2\/media?parent=24694"}],"wp:term":[{"taxonomy":"product_brand","embeddable":true,"href":"https:\/\/ezsecur.elsnerdev.com\/fr\/wp-json\/wp\/v2\/product_brand?post=24694"},{"taxonomy":"product_cat","embeddable":true,"href":"https:\/\/ezsecur.elsnerdev.com\/fr\/wp-json\/wp\/v2\/product_cat?post=24694"},{"taxonomy":"product_tag","embeddable":true,"href":"https:\/\/ezsecur.elsnerdev.com\/fr\/wp-json\/wp\/v2\/product_tag?post=24694"}],"curies":[{"name":"wp","href":"https:\/\/api.w.org\/{rel}","templated":true}]}}