{"id":24706,"date":"2025-09-30T11:31:07","date_gmt":"2025-09-30T15:31:07","guid":{"rendered":"https:\/\/ezsecur.elsnerdev.com\/?post_type=product&#038;p=24706"},"modified":"2026-03-03T01:25:56","modified_gmt":"2026-03-03T06:25:56","slug":"affiche-vitesse-max-vierge-aluminium-0-064-vinyle-grade-ingenieur-imprime-lamine-glace-24x30-standard","status":"publish","type":"product","link":"https:\/\/ezsecur.elsnerdev.com\/fr\/product\/affiche-vitesse-max-vierge-aluminium-0-064-vinyle-grade-ingenieur-imprime-lamine-glace-24x30-standard\/","title":{"rendered":"Affiche &#8211; Vitesse max vierge &#8211; Aluminium 0.064 &#8211; Vinyle Grade Ing\u00e9nieur Imprim\u00e9 Lamin\u00e9 Glac\u00e9 &#8211; 24&#215;30 &#8211; STANDARD"},"content":{"rendered":"<p>Affiche Vitesse maximale vierge<br \/>\nDimensions 24&#215;30<br \/>\nAluminium 0.064<br \/>\nCoins arrondis<br \/>\nVinyle grade ing\u00e9nieur<br \/>\nImpression UV<br \/>\nFond blanc<br \/>\nLettrage noir<br \/>\nContours noirs<\/p>\n<p>Prix \u00e0 l&rsquo;unit\u00e9<\/p>\n","protected":false},"excerpt":{"rendered":"<p>Affiche Vitesse maximale vierge Dimensions 24&#215;30 Aluminium 0.064 Coins arrondis Vinyle grade ing\u00e9nieur Impression UV Fond blanc Lettrage noir Contours noirs Prix \u00e0 l&rsquo;unit\u00e9<\/p>\n","protected":false},"featured_media":28070,"template":"","meta":[],"product_brand":[],"product_cat":[2624,389,405],"product_tag":[],"class_list":{"0":"post-24706","1":"product","2":"type-product","3":"status-publish","4":"has-post-thumbnail","6":"product_cat-signalisation-de-prescription","7":"product_cat-signalisation-industrielle-et-circulation-sur-site","8":"product_cat-panneaux-de-signalisation-routiere","9":"pa_sku-std-aff-maxvier-ing-gla-24x30","10":"pa_unit-pc","12":"first","13":"instock","14":"taxable","15":"shipping-taxable","16":"purchasable","17":"product-type-simple"},"_links":{"self":[{"href":"https:\/\/ezsecur.elsnerdev.com\/fr\/wp-json\/wp\/v2\/product\/24706","targetHints":{"allow":["GET"]}}],"collection":[{"href":"https:\/\/ezsecur.elsnerdev.com\/fr\/wp-json\/wp\/v2\/product"}],"about":[{"href":"https:\/\/ezsecur.elsnerdev.com\/fr\/wp-json\/wp\/v2\/types\/product"}],"wp:featuredmedia":[{"embeddable":true,"href":"https:\/\/ezsecur.elsnerdev.com\/fr\/wp-json\/wp\/v2\/media\/28070"}],"wp:attachment":[{"href":"https:\/\/ezsecur.elsnerdev.com\/fr\/wp-json\/wp\/v2\/media?parent=24706"}],"wp:term":[{"taxonomy":"product_brand","embeddable":true,"href":"https:\/\/ezsecur.elsnerdev.com\/fr\/wp-json\/wp\/v2\/product_brand?post=24706"},{"taxonomy":"product_cat","embeddable":true,"href":"https:\/\/ezsecur.elsnerdev.com\/fr\/wp-json\/wp\/v2\/product_cat?post=24706"},{"taxonomy":"product_tag","embeddable":true,"href":"https:\/\/ezsecur.elsnerdev.com\/fr\/wp-json\/wp\/v2\/product_tag?post=24706"}],"curies":[{"name":"wp","href":"https:\/\/api.w.org\/{rel}","templated":true}]}}