{"id":24733,"date":"2025-10-01T02:20:56","date_gmt":"2025-10-01T06:20:56","guid":{"rendered":"https:\/\/ezsecur.elsnerdev.com\/?post_type=product&#038;p=24733"},"modified":"2026-03-03T01:25:57","modified_gmt":"2026-03-03T06:25:57","slug":"cadenassage-dispositif-disjoncteur-electrique-plastique-1-57x0-55-standard","status":"publish","type":"product","link":"https:\/\/ezsecur.elsnerdev.com\/fr\/product\/cadenassage-dispositif-disjoncteur-electrique-plastique-1-57x0-55-standard\/","title":{"rendered":"Cadenassage &#8211; Dispositif disjoncteur \u00e9lectrique plastique &#8211; 1.57&#215;0.55 &#8211; STANDARD"},"content":{"rendered":"<p>Disjoncteur en plastique nylon renforc\u00e9,<br \/>\nPour 1 cadenas 7.5mm de diam\u00e8tre,<br \/>\nAdapt\u00e9 pour les petits disjoncteurs avec un espacement des trous de 13mm<br \/>\nPin vers l&rsquo;int\u00e9rieur.<br \/>\n#163<\/p>\n","protected":false},"excerpt":{"rendered":"<p>Disjoncteur en plastique nylon renforc\u00e9, Pour 1 cadenas 7.5mm de diam\u00e8tre, Adapt\u00e9 pour les petits disjoncteurs avec un espacement des trous de 13mm Pin vers l&rsquo;int\u00e9rieur.<span class=\"excerpt-hellip\"> [\u2026]<\/span><\/p>\n","protected":false},"featured_media":28073,"template":"","meta":[],"product_brand":[],"product_cat":[425,438],"product_tag":[],"class_list":{"0":"post-24733","1":"product","2":"type-product","3":"status-publish","4":"has-post-thumbnail","6":"product_cat-securite-machine-verrouillage-cadenassage","7":"product_cat-dispositifs-de-verrouillage-et-de-cadenassage","8":"pa_sku-std-163-breaker-pt","9":"pa_unit-pc","11":"first","12":"instock","13":"taxable","14":"shipping-taxable","15":"purchasable","16":"product-type-simple"},"_links":{"self":[{"href":"https:\/\/ezsecur.elsnerdev.com\/fr\/wp-json\/wp\/v2\/product\/24733","targetHints":{"allow":["GET"]}}],"collection":[{"href":"https:\/\/ezsecur.elsnerdev.com\/fr\/wp-json\/wp\/v2\/product"}],"about":[{"href":"https:\/\/ezsecur.elsnerdev.com\/fr\/wp-json\/wp\/v2\/types\/product"}],"wp:featuredmedia":[{"embeddable":true,"href":"https:\/\/ezsecur.elsnerdev.com\/fr\/wp-json\/wp\/v2\/media\/28073"}],"wp:attachment":[{"href":"https:\/\/ezsecur.elsnerdev.com\/fr\/wp-json\/wp\/v2\/media?parent=24733"}],"wp:term":[{"taxonomy":"product_brand","embeddable":true,"href":"https:\/\/ezsecur.elsnerdev.com\/fr\/wp-json\/wp\/v2\/product_brand?post=24733"},{"taxonomy":"product_cat","embeddable":true,"href":"https:\/\/ezsecur.elsnerdev.com\/fr\/wp-json\/wp\/v2\/product_cat?post=24733"},{"taxonomy":"product_tag","embeddable":true,"href":"https:\/\/ezsecur.elsnerdev.com\/fr\/wp-json\/wp\/v2\/product_tag?post=24733"}],"curies":[{"name":"wp","href":"https:\/\/api.w.org\/{rel}","templated":true}]}}