{"id":24746,"date":"2025-10-01T02:44:02","date_gmt":"2025-10-01T06:44:02","guid":{"rendered":"https:\/\/ezsecur.elsnerdev.com\/?post_type=product&#038;p=24746"},"modified":"2026-03-03T01:25:59","modified_gmt":"2026-03-03T06:25:59","slug":"cadenassage-dispositif-disjoncteur-electrique-plastique-1-69x0-70-standard","status":"publish","type":"product","link":"https:\/\/ezsecur.elsnerdev.com\/fr\/product\/cadenassage-dispositif-disjoncteur-electrique-plastique-1-69x0-70-standard\/","title":{"rendered":"Cadenassage &#8211; Dispositif disjoncteur \u00e9lectrique plastique &#8211; 1.69&#215;0.70 &#8211; STANDARD"},"content":{"rendered":"<p>Disjoncteur en plastique nylon renforc\u00e9,<br \/>\nJusqu&rsquo;\u00e0 60 amp\u00e8res,<br \/>\nPour 1 cadenas 7mm de diam\u00e8tre,<br \/>\nPin vers l&rsquo;int\u00e9rieur.<br \/>\n#159<\/p>\n","protected":false},"excerpt":{"rendered":"<p>Disjoncteur en plastique nylon renforc\u00e9, Jusqu&rsquo;\u00e0 60 amp\u00e8res, Pour 1 cadenas 7mm de diam\u00e8tre, Pin vers l&rsquo;int\u00e9rieur. #159<\/p>\n","protected":false},"featured_media":28076,"template":"","meta":[],"product_brand":[],"product_cat":[425,438],"product_tag":[],"class_list":{"0":"post-24746","1":"product","2":"type-product","3":"status-publish","4":"has-post-thumbnail","6":"product_cat-securite-machine-verrouillage-cadenassage","7":"product_cat-dispositifs-de-verrouillage-et-de-cadenassage","8":"pa_sku-std-159-breaker-pi","9":"pa_unit-pc","11":"first","12":"instock","13":"taxable","14":"shipping-taxable","15":"purchasable","16":"product-type-simple"},"_links":{"self":[{"href":"https:\/\/ezsecur.elsnerdev.com\/fr\/wp-json\/wp\/v2\/product\/24746","targetHints":{"allow":["GET"]}}],"collection":[{"href":"https:\/\/ezsecur.elsnerdev.com\/fr\/wp-json\/wp\/v2\/product"}],"about":[{"href":"https:\/\/ezsecur.elsnerdev.com\/fr\/wp-json\/wp\/v2\/types\/product"}],"wp:featuredmedia":[{"embeddable":true,"href":"https:\/\/ezsecur.elsnerdev.com\/fr\/wp-json\/wp\/v2\/media\/28076"}],"wp:attachment":[{"href":"https:\/\/ezsecur.elsnerdev.com\/fr\/wp-json\/wp\/v2\/media?parent=24746"}],"wp:term":[{"taxonomy":"product_brand","embeddable":true,"href":"https:\/\/ezsecur.elsnerdev.com\/fr\/wp-json\/wp\/v2\/product_brand?post=24746"},{"taxonomy":"product_cat","embeddable":true,"href":"https:\/\/ezsecur.elsnerdev.com\/fr\/wp-json\/wp\/v2\/product_cat?post=24746"},{"taxonomy":"product_tag","embeddable":true,"href":"https:\/\/ezsecur.elsnerdev.com\/fr\/wp-json\/wp\/v2\/product_tag?post=24746"}],"curies":[{"name":"wp","href":"https:\/\/api.w.org\/{rel}","templated":true}]}}