{"id":24755,"date":"2025-10-01T02:59:38","date_gmt":"2025-10-01T06:59:38","guid":{"rendered":"https:\/\/ezsecur.elsnerdev.com\/?post_type=product&#038;p=24755"},"modified":"2026-03-03T01:26:01","modified_gmt":"2026-03-03T06:26:01","slug":"cadenassage-dispositif-disjoncteur-electrique-plastique-serrage-0-275-a-0-59-standard","status":"publish","type":"product","link":"https:\/\/ezsecur.elsnerdev.com\/fr\/product\/cadenassage-dispositif-disjoncteur-electrique-plastique-serrage-0-275-a-0-59-standard\/","title":{"rendered":"Cadenassage &#8211; Dispositif disjoncteur \u00e9lectrique plastique &#8211; Serrage 0.275 \u00e0 0.59 &#8211; STANDARD"},"content":{"rendered":"<p>Disjoncteur en plastique nylon renforc\u00e9,<br \/>\nPour 1 cadenas,<br \/>\nAvec une vis \u00e0 ajuster<br \/>\nSerrage de 7 \u00e0 15 mm<br \/>\n#184<\/p>\n","protected":false},"excerpt":{"rendered":"<p>Disjoncteur en plastique nylon renforc\u00e9, Pour 1 cadenas, Avec une vis \u00e0 ajuster Serrage de 7 \u00e0 15 mm #184<\/p>\n","protected":false},"featured_media":28078,"template":"","meta":[],"product_brand":[],"product_cat":[425,438],"product_tag":[],"class_list":{"0":"post-24755","1":"product","2":"type-product","3":"status-publish","4":"has-post-thumbnail","6":"product_cat-securite-machine-verrouillage-cadenassage","7":"product_cat-dispositifs-de-verrouillage-et-de-cadenassage","8":"pa_sku-std-184-breaker-07","9":"pa_unit-pc","11":"first","12":"instock","13":"taxable","14":"shipping-taxable","15":"purchasable","16":"product-type-simple"},"_links":{"self":[{"href":"https:\/\/ezsecur.elsnerdev.com\/fr\/wp-json\/wp\/v2\/product\/24755","targetHints":{"allow":["GET"]}}],"collection":[{"href":"https:\/\/ezsecur.elsnerdev.com\/fr\/wp-json\/wp\/v2\/product"}],"about":[{"href":"https:\/\/ezsecur.elsnerdev.com\/fr\/wp-json\/wp\/v2\/types\/product"}],"wp:featuredmedia":[{"embeddable":true,"href":"https:\/\/ezsecur.elsnerdev.com\/fr\/wp-json\/wp\/v2\/media\/28078"}],"wp:attachment":[{"href":"https:\/\/ezsecur.elsnerdev.com\/fr\/wp-json\/wp\/v2\/media?parent=24755"}],"wp:term":[{"taxonomy":"product_brand","embeddable":true,"href":"https:\/\/ezsecur.elsnerdev.com\/fr\/wp-json\/wp\/v2\/product_brand?post=24755"},{"taxonomy":"product_cat","embeddable":true,"href":"https:\/\/ezsecur.elsnerdev.com\/fr\/wp-json\/wp\/v2\/product_cat?post=24755"},{"taxonomy":"product_tag","embeddable":true,"href":"https:\/\/ezsecur.elsnerdev.com\/fr\/wp-json\/wp\/v2\/product_tag?post=24755"}],"curies":[{"name":"wp","href":"https:\/\/api.w.org\/{rel}","templated":true}]}}