{"id":24764,"date":"2025-10-01T03:17:59","date_gmt":"2025-10-01T07:17:59","guid":{"rendered":"https:\/\/ezsecur.elsnerdev.com\/?post_type=product&#038;p=24764"},"modified":"2026-03-03T01:26:02","modified_gmt":"2026-03-03T06:26:02","slug":"cadenassage-dispositif-disjoncteur-electrique-plastique-serrage-2-75x1-06-standard","status":"publish","type":"product","link":"https:\/\/ezsecur.elsnerdev.com\/fr\/product\/cadenassage-dispositif-disjoncteur-electrique-plastique-serrage-2-75x1-06-standard\/","title":{"rendered":"Cadenassage &#8211; Dispositif disjoncteur \u00e9lectrique plastique &#8211; Serrage 2.75&#215;1.06 &#8211; STANDARD"},"content":{"rendered":"<p>Disjoncteur en plastique nylon renforc\u00e9,<br \/>\nConvient au verrouillage de la plupart des grands disjoncteurs \u00e0 bo\u00eetier moul\u00e9,<br \/>\nPour 1 cadenas 8mm de diam\u00e8tre,<br \/>\nEspace pour disjoncteur de 70mm x 27.5mm<br \/>\n#191<\/p>\n","protected":false},"excerpt":{"rendered":"<p>Disjoncteur en plastique nylon renforc\u00e9, Convient au verrouillage de la plupart des grands disjoncteurs \u00e0 bo\u00eetier moul\u00e9, Pour 1 cadenas 8mm de diam\u00e8tre, Espace pour disjoncteur<span class=\"excerpt-hellip\"> [\u2026]<\/span><\/p>\n","protected":false},"featured_media":28080,"template":"","meta":[],"product_brand":[],"product_cat":[425,438],"product_tag":[],"class_list":{"0":"post-24764","1":"product","2":"type-product","3":"status-publish","4":"has-post-thumbnail","6":"product_cat-securite-machine-verrouillage-cadenassage","7":"product_cat-dispositifs-de-verrouillage-et-de-cadenassage","8":"pa_sku-std-191-breaker-43","9":"pa_unit-pc","11":"first","12":"instock","13":"taxable","14":"shipping-taxable","15":"purchasable","16":"product-type-simple"},"_links":{"self":[{"href":"https:\/\/ezsecur.elsnerdev.com\/fr\/wp-json\/wp\/v2\/product\/24764","targetHints":{"allow":["GET"]}}],"collection":[{"href":"https:\/\/ezsecur.elsnerdev.com\/fr\/wp-json\/wp\/v2\/product"}],"about":[{"href":"https:\/\/ezsecur.elsnerdev.com\/fr\/wp-json\/wp\/v2\/types\/product"}],"wp:featuredmedia":[{"embeddable":true,"href":"https:\/\/ezsecur.elsnerdev.com\/fr\/wp-json\/wp\/v2\/media\/28080"}],"wp:attachment":[{"href":"https:\/\/ezsecur.elsnerdev.com\/fr\/wp-json\/wp\/v2\/media?parent=24764"}],"wp:term":[{"taxonomy":"product_brand","embeddable":true,"href":"https:\/\/ezsecur.elsnerdev.com\/fr\/wp-json\/wp\/v2\/product_brand?post=24764"},{"taxonomy":"product_cat","embeddable":true,"href":"https:\/\/ezsecur.elsnerdev.com\/fr\/wp-json\/wp\/v2\/product_cat?post=24764"},{"taxonomy":"product_tag","embeddable":true,"href":"https:\/\/ezsecur.elsnerdev.com\/fr\/wp-json\/wp\/v2\/product_tag?post=24764"}],"curies":[{"name":"wp","href":"https:\/\/api.w.org\/{rel}","templated":true}]}}