{"id":24784,"date":"2025-10-01T04:16:19","date_gmt":"2025-10-01T08:16:19","guid":{"rendered":"https:\/\/ezsecur.elsnerdev.com\/?post_type=product&#038;p=24784"},"modified":"2026-03-03T01:26:04","modified_gmt":"2026-03-03T06:26:04","slug":"cadenassage-moraillon-en-acier-et-vinyle-6-cadenas-dia1-5-standard-2","status":"publish","type":"product","link":"https:\/\/ezsecur.elsnerdev.com\/fr\/product\/cadenassage-moraillon-en-acier-et-vinyle-6-cadenas-dia1-5-standard-2\/","title":{"rendered":"Cadenassage &#8211; Moraillon en acier et vinyle 6 cadenas &#8211; DIA1.5 &#8211; STANDARD"},"content":{"rendered":"<p>Moraillon de cadenassage<br \/>\n&#8211; Accepte 6 cadenas de 9.8mm.<br \/>\n-M\u00e2choire en acier, poign\u00e9e recouverte de vinyle rouge.<br \/>\n-Anse 1.5 pouce de diam\u00e8tre int\u00e9rieur.<br \/>\n#131<\/p>\n","protected":false},"excerpt":{"rendered":"<p>Moraillon de cadenassage &#8211; Accepte 6 cadenas de 9.8mm. -M\u00e2choire en acier, poign\u00e9e recouverte de vinyle rouge. -Anse 1.5 pouce de diam\u00e8tre int\u00e9rieur. #131<\/p>\n","protected":false},"featured_media":28084,"template":"","meta":[],"product_brand":[],"product_cat":[425,438],"product_tag":[],"class_list":{"0":"post-24784","1":"product","2":"type-product","3":"status-publish","4":"has-post-thumbnail","6":"product_cat-securite-machine-verrouillage-cadenassage","7":"product_cat-dispositifs-de-verrouillage-et-de-cadenassage","8":"pa_sku-std-131-shasp-1-5","9":"pa_unit-pc","11":"first","12":"instock","13":"taxable","14":"shipping-taxable","15":"purchasable","16":"product-type-simple"},"_links":{"self":[{"href":"https:\/\/ezsecur.elsnerdev.com\/fr\/wp-json\/wp\/v2\/product\/24784","targetHints":{"allow":["GET"]}}],"collection":[{"href":"https:\/\/ezsecur.elsnerdev.com\/fr\/wp-json\/wp\/v2\/product"}],"about":[{"href":"https:\/\/ezsecur.elsnerdev.com\/fr\/wp-json\/wp\/v2\/types\/product"}],"wp:featuredmedia":[{"embeddable":true,"href":"https:\/\/ezsecur.elsnerdev.com\/fr\/wp-json\/wp\/v2\/media\/28084"}],"wp:attachment":[{"href":"https:\/\/ezsecur.elsnerdev.com\/fr\/wp-json\/wp\/v2\/media?parent=24784"}],"wp:term":[{"taxonomy":"product_brand","embeddable":true,"href":"https:\/\/ezsecur.elsnerdev.com\/fr\/wp-json\/wp\/v2\/product_brand?post=24784"},{"taxonomy":"product_cat","embeddable":true,"href":"https:\/\/ezsecur.elsnerdev.com\/fr\/wp-json\/wp\/v2\/product_cat?post=24784"},{"taxonomy":"product_tag","embeddable":true,"href":"https:\/\/ezsecur.elsnerdev.com\/fr\/wp-json\/wp\/v2\/product_tag?post=24784"}],"curies":[{"name":"wp","href":"https:\/\/api.w.org\/{rel}","templated":true}]}}