{"id":24788,"date":"2025-10-01T04:31:22","date_gmt":"2025-10-01T08:31:22","guid":{"rendered":"https:\/\/ezsecur.elsnerdev.com\/?post_type=product&#038;p=24788"},"modified":"2026-03-03T01:26:05","modified_gmt":"2026-03-03T06:26:05","slug":"cadenassage-moraillon-en-aluminium-anodise-12-cadenas-9x1-75-standard","status":"publish","type":"product","link":"https:\/\/ezsecur.elsnerdev.com\/fr\/product\/cadenassage-moraillon-en-aluminium-anodise-12-cadenas-9x1-75-standard\/","title":{"rendered":"Cadenassage &#8211; Moraillon en aluminium anodis\u00e9 &#8211; 12 cadenas &#8211; 9&#215;1.75 &#8211; STANDARD"},"content":{"rendered":"<p>Moraillon de cadenassage en aluminium anodis\u00e9;<br \/>\nJusqu&rsquo;\u00e0 12 cadenas 8mm diam\u00e8tre;<br \/>\nNe peut peux pas \u00eatre ouvert tant qu&rsquo;il reste un cadenas de verrouill\u00e9<br \/>\n#156<\/p>\n","protected":false},"excerpt":{"rendered":"<p>Moraillon de cadenassage en aluminium anodis\u00e9; Jusqu&rsquo;\u00e0 12 cadenas 8mm diam\u00e8tre; Ne peut peux pas \u00eatre ouvert tant qu&rsquo;il reste un cadenas de verrouill\u00e9 #156<\/p>\n","protected":false},"featured_media":28085,"template":"","meta":[],"product_brand":[],"product_cat":[425,438],"product_tag":[],"class_list":{"0":"post-24788","1":"product","2":"type-product","3":"status-publish","4":"has-post-thumbnail","6":"product_cat-securite-machine-verrouillage-cadenassage","7":"product_cat-dispositifs-de-verrouillage-et-de-cadenassage","8":"pa_sku-std-156-12hasp-31","9":"pa_unit-pc","11":"first","12":"instock","13":"taxable","14":"shipping-taxable","15":"purchasable","16":"product-type-simple"},"_links":{"self":[{"href":"https:\/\/ezsecur.elsnerdev.com\/fr\/wp-json\/wp\/v2\/product\/24788","targetHints":{"allow":["GET"]}}],"collection":[{"href":"https:\/\/ezsecur.elsnerdev.com\/fr\/wp-json\/wp\/v2\/product"}],"about":[{"href":"https:\/\/ezsecur.elsnerdev.com\/fr\/wp-json\/wp\/v2\/types\/product"}],"wp:featuredmedia":[{"embeddable":true,"href":"https:\/\/ezsecur.elsnerdev.com\/fr\/wp-json\/wp\/v2\/media\/28085"}],"wp:attachment":[{"href":"https:\/\/ezsecur.elsnerdev.com\/fr\/wp-json\/wp\/v2\/media?parent=24788"}],"wp:term":[{"taxonomy":"product_brand","embeddable":true,"href":"https:\/\/ezsecur.elsnerdev.com\/fr\/wp-json\/wp\/v2\/product_brand?post=24788"},{"taxonomy":"product_cat","embeddable":true,"href":"https:\/\/ezsecur.elsnerdev.com\/fr\/wp-json\/wp\/v2\/product_cat?post=24788"},{"taxonomy":"product_tag","embeddable":true,"href":"https:\/\/ezsecur.elsnerdev.com\/fr\/wp-json\/wp\/v2\/product_tag?post=24788"}],"curies":[{"name":"wp","href":"https:\/\/api.w.org\/{rel}","templated":true}]}}