{"id":24792,"date":"2025-10-01T04:44:51","date_gmt":"2025-10-01T08:44:51","guid":{"rendered":"https:\/\/ezsecur.elsnerdev.com\/?post_type=product&#038;p=24792"},"modified":"2026-03-03T01:26:06","modified_gmt":"2026-03-03T06:26:06","slug":"cadenassage-moraillon-en-nylon-4-cadenas-anse-0-250-2-40x4-20-standard","status":"publish","type":"product","link":"https:\/\/ezsecur.elsnerdev.com\/fr\/product\/cadenassage-moraillon-en-nylon-4-cadenas-anse-0-250-2-40x4-20-standard\/","title":{"rendered":"Cadenassage &#8211; Moraillon en nylon 4 cadenas, anse 0.250 &#8211; 2.40&#215;4.20 &#8211; STANDARD"},"content":{"rendered":"<p>Moraillon de cadenassage en nylon;<br \/>\nJusqu&rsquo;\u00e0 4 cadenas 7mm diam\u00e8tre;<br \/>\nAnse et corps en nylon,<br \/>\nAnse 0.25 pouce de diam\u00e8tre.<br \/>\n#148<\/p>\n","protected":false},"excerpt":{"rendered":"<p>Moraillon de cadenassage en nylon; Jusqu&rsquo;\u00e0 4 cadenas 7mm diam\u00e8tre; Anse et corps en nylon, Anse 0.25 pouce de diam\u00e8tre. #148<\/p>\n","protected":false},"featured_media":28086,"template":"","meta":[],"product_brand":[],"product_cat":[425,438],"product_tag":[],"class_list":{"0":"post-24792","1":"product","2":"type-product","3":"status-publish","4":"has-post-thumbnail","6":"product_cat-securite-machine-verrouillage-cadenassage","7":"product_cat-dispositifs-de-verrouillage-et-de-cadenassage","8":"pa_sku-std-148-nhasp-05","9":"pa_unit-pc","11":"first","12":"instock","13":"taxable","14":"shipping-taxable","15":"purchasable","16":"product-type-simple"},"_links":{"self":[{"href":"https:\/\/ezsecur.elsnerdev.com\/fr\/wp-json\/wp\/v2\/product\/24792","targetHints":{"allow":["GET"]}}],"collection":[{"href":"https:\/\/ezsecur.elsnerdev.com\/fr\/wp-json\/wp\/v2\/product"}],"about":[{"href":"https:\/\/ezsecur.elsnerdev.com\/fr\/wp-json\/wp\/v2\/types\/product"}],"wp:featuredmedia":[{"embeddable":true,"href":"https:\/\/ezsecur.elsnerdev.com\/fr\/wp-json\/wp\/v2\/media\/28086"}],"wp:attachment":[{"href":"https:\/\/ezsecur.elsnerdev.com\/fr\/wp-json\/wp\/v2\/media?parent=24792"}],"wp:term":[{"taxonomy":"product_brand","embeddable":true,"href":"https:\/\/ezsecur.elsnerdev.com\/fr\/wp-json\/wp\/v2\/product_brand?post=24792"},{"taxonomy":"product_cat","embeddable":true,"href":"https:\/\/ezsecur.elsnerdev.com\/fr\/wp-json\/wp\/v2\/product_cat?post=24792"},{"taxonomy":"product_tag","embeddable":true,"href":"https:\/\/ezsecur.elsnerdev.com\/fr\/wp-json\/wp\/v2\/product_tag?post=24792"}],"curies":[{"name":"wp","href":"https:\/\/api.w.org\/{rel}","templated":true}]}}