{"id":24802,"date":"2025-10-01T05:12:05","date_gmt":"2025-10-01T09:12:05","guid":{"rendered":"https:\/\/ezsecur.elsnerdev.com\/?post_type=product&#038;p=24802"},"modified":"2026-03-03T01:26:07","modified_gmt":"2026-03-03T06:26:07","slug":"cadenassage-porte-cadenas-de-securite-en-plastique-12-cadenas-standard","status":"publish","type":"product","link":"https:\/\/ezsecur.elsnerdev.com\/fr\/product\/cadenassage-porte-cadenas-de-securite-en-plastique-12-cadenas-standard\/","title":{"rendered":"Cadenassage &#8211; Porte cadenas de s\u00e9curit\u00e9 en plastique &#8211; 12 cadenas &#8211; STANDARD"},"content":{"rendered":"<p>Poign\u00e9e de transport pour cadenas de s\u00e9curit\u00e9, perforation pour 12 cadenas.<br \/>\n#303<\/p>\n","protected":false},"excerpt":{"rendered":"<p>Poign\u00e9e de transport pour cadenas de s\u00e9curit\u00e9, perforation pour 12 cadenas. #303<\/p>\n","protected":false},"featured_media":28088,"template":"","meta":[],"product_brand":[],"product_cat":[425,438],"product_tag":[],"class_list":{"0":"post-24802","1":"product","2":"type-product","3":"status-publish","4":"has-post-thumbnail","6":"product_cat-securite-machine-verrouillage-cadenassage","7":"product_cat-dispositifs-de-verrouillage-et-de-cadenassage","8":"pa_sku-std-303-rack-12","9":"pa_unit-pc","11":"first","12":"instock","13":"taxable","14":"shipping-taxable","15":"purchasable","16":"product-type-simple"},"_links":{"self":[{"href":"https:\/\/ezsecur.elsnerdev.com\/fr\/wp-json\/wp\/v2\/product\/24802","targetHints":{"allow":["GET"]}}],"collection":[{"href":"https:\/\/ezsecur.elsnerdev.com\/fr\/wp-json\/wp\/v2\/product"}],"about":[{"href":"https:\/\/ezsecur.elsnerdev.com\/fr\/wp-json\/wp\/v2\/types\/product"}],"wp:featuredmedia":[{"embeddable":true,"href":"https:\/\/ezsecur.elsnerdev.com\/fr\/wp-json\/wp\/v2\/media\/28088"}],"wp:attachment":[{"href":"https:\/\/ezsecur.elsnerdev.com\/fr\/wp-json\/wp\/v2\/media?parent=24802"}],"wp:term":[{"taxonomy":"product_brand","embeddable":true,"href":"https:\/\/ezsecur.elsnerdev.com\/fr\/wp-json\/wp\/v2\/product_brand?post=24802"},{"taxonomy":"product_cat","embeddable":true,"href":"https:\/\/ezsecur.elsnerdev.com\/fr\/wp-json\/wp\/v2\/product_cat?post=24802"},{"taxonomy":"product_tag","embeddable":true,"href":"https:\/\/ezsecur.elsnerdev.com\/fr\/wp-json\/wp\/v2\/product_tag?post=24802"}],"curies":[{"name":"wp","href":"https:\/\/api.w.org\/{rel}","templated":true}]}}