{"id":24807,"date":"2025-10-01T05:20:17","date_gmt":"2025-10-01T09:20:17","guid":{"rendered":"https:\/\/ezsecur.elsnerdev.com\/?post_type=product&#038;p=24807"},"modified":"2026-03-03T01:26:08","modified_gmt":"2026-03-03T06:26:08","slug":"cadenassage-robinet-vanne-dia10x13-standard","status":"publish","type":"product","link":"https:\/\/ezsecur.elsnerdev.com\/fr\/product\/cadenassage-robinet-vanne-dia10x13-standard\/","title":{"rendered":"Cadenassage &#8211; Robinet, vanne &#8211; DIA10x13 &#8211; STANDARD"},"content":{"rendered":"<p>Cadenassage pour robinets ou vannes -Diam\u00e8tre 10 \u00e0 13 pouces. 2.63&Prime; hauteur<br \/>\n-Boitier en ABS r\u00e9sistant<br \/>\n-Supporte les temp\u00e9rature de -20\u00b0C \u00e0 90\u00b0C<br \/>\n-Accueil 1 cadenas.<br \/>\n-Autocollant de consignes et d&rsquo;identification.<br \/>\n#52<\/p>\n","protected":false},"excerpt":{"rendered":"<p>Cadenassage pour robinets ou vannes -Diam\u00e8tre 10 \u00e0 13 pouces. 2.63&Prime; hauteur -Boitier en ABS r\u00e9sistant -Supporte les temp\u00e9rature de -20\u00b0C \u00e0 90\u00b0C -Accueil 1 cadenas.<span class=\"excerpt-hellip\"> [\u2026]<\/span><\/p>\n","protected":false},"featured_media":28089,"template":"","meta":[],"product_brand":[],"product_cat":[425,438],"product_tag":[],"class_list":{"0":"post-24807","1":"product","2":"type-product","3":"status-publish","4":"has-post-thumbnail","6":"product_cat-securite-machine-verrouillage-cadenassage","7":"product_cat-dispositifs-de-verrouillage-et-de-cadenassage","8":"pa_sku-std-52-valve-10x13","9":"pa_unit-pc","11":"first","12":"instock","13":"taxable","14":"shipping-taxable","15":"purchasable","16":"product-type-simple"},"_links":{"self":[{"href":"https:\/\/ezsecur.elsnerdev.com\/fr\/wp-json\/wp\/v2\/product\/24807","targetHints":{"allow":["GET"]}}],"collection":[{"href":"https:\/\/ezsecur.elsnerdev.com\/fr\/wp-json\/wp\/v2\/product"}],"about":[{"href":"https:\/\/ezsecur.elsnerdev.com\/fr\/wp-json\/wp\/v2\/types\/product"}],"wp:featuredmedia":[{"embeddable":true,"href":"https:\/\/ezsecur.elsnerdev.com\/fr\/wp-json\/wp\/v2\/media\/28089"}],"wp:attachment":[{"href":"https:\/\/ezsecur.elsnerdev.com\/fr\/wp-json\/wp\/v2\/media?parent=24807"}],"wp:term":[{"taxonomy":"product_brand","embeddable":true,"href":"https:\/\/ezsecur.elsnerdev.com\/fr\/wp-json\/wp\/v2\/product_brand?post=24807"},{"taxonomy":"product_cat","embeddable":true,"href":"https:\/\/ezsecur.elsnerdev.com\/fr\/wp-json\/wp\/v2\/product_cat?post=24807"},{"taxonomy":"product_tag","embeddable":true,"href":"https:\/\/ezsecur.elsnerdev.com\/fr\/wp-json\/wp\/v2\/product_tag?post=24807"}],"curies":[{"name":"wp","href":"https:\/\/api.w.org\/{rel}","templated":true}]}}