{"id":24824,"date":"2025-10-01T06:23:22","date_gmt":"2025-10-01T10:23:22","guid":{"rendered":"https:\/\/ezsecur.elsnerdev.com\/?post_type=product&#038;p=24824"},"modified":"2026-03-03T01:26:10","modified_gmt":"2026-03-03T06:26:10","slug":"cadenassage-robinet-vanne-dia5x6-5-standard-2","status":"publish","type":"product","link":"https:\/\/ezsecur.elsnerdev.com\/fr\/product\/cadenassage-robinet-vanne-dia5x6-5-standard-2\/","title":{"rendered":"Cadenassage &#8211; Robinet, vanne &#8211; DIA5x6.5- STANDARD"},"content":{"rendered":"<p>Cadenassage pour robinets ou vannes<br \/>\n&#8211; Convient pour les poign\u00e9es de vanne de 5x.65&Prime; \u00e0 6.5&Prime; de diam\u00e8tre.<br \/>\n&#8211; Boitier en ABS r\u00e9sistant<br \/>\n&#8211; Supporte les temp\u00e9rature de -20\u00b0C \u00e0 90\u00b0C<br \/>\n&#8211; Accueil 1 cadenas.<br \/>\n&#8211; Autocollant de consignes et d&rsquo;identification.<br \/>\n#58<\/p>\n","protected":false},"excerpt":{"rendered":"<p>Cadenassage pour robinets ou vannes &#8211; Convient pour les poign\u00e9es de vanne de 5x.65&Prime; \u00e0 6.5&Prime; de diam\u00e8tre. &#8211; Boitier en ABS r\u00e9sistant &#8211; Supporte les<span class=\"excerpt-hellip\"> [\u2026]<\/span><\/p>\n","protected":false},"featured_media":28093,"template":"","meta":[],"product_brand":[],"product_cat":[425,438],"product_tag":[],"class_list":{"0":"post-24824","1":"product","2":"type-product","3":"status-publish","4":"has-post-thumbnail","6":"product_cat-securite-machine-verrouillage-cadenassage","7":"product_cat-dispositifs-de-verrouillage-et-de-cadenassage","8":"pa_sku-std-58-valve-5x6-5","9":"pa_unit-pc","11":"first","12":"instock","13":"taxable","14":"shipping-taxable","15":"purchasable","16":"product-type-simple"},"_links":{"self":[{"href":"https:\/\/ezsecur.elsnerdev.com\/fr\/wp-json\/wp\/v2\/product\/24824","targetHints":{"allow":["GET"]}}],"collection":[{"href":"https:\/\/ezsecur.elsnerdev.com\/fr\/wp-json\/wp\/v2\/product"}],"about":[{"href":"https:\/\/ezsecur.elsnerdev.com\/fr\/wp-json\/wp\/v2\/types\/product"}],"wp:featuredmedia":[{"embeddable":true,"href":"https:\/\/ezsecur.elsnerdev.com\/fr\/wp-json\/wp\/v2\/media\/28093"}],"wp:attachment":[{"href":"https:\/\/ezsecur.elsnerdev.com\/fr\/wp-json\/wp\/v2\/media?parent=24824"}],"wp:term":[{"taxonomy":"product_brand","embeddable":true,"href":"https:\/\/ezsecur.elsnerdev.com\/fr\/wp-json\/wp\/v2\/product_brand?post=24824"},{"taxonomy":"product_cat","embeddable":true,"href":"https:\/\/ezsecur.elsnerdev.com\/fr\/wp-json\/wp\/v2\/product_cat?post=24824"},{"taxonomy":"product_tag","embeddable":true,"href":"https:\/\/ezsecur.elsnerdev.com\/fr\/wp-json\/wp\/v2\/product_tag?post=24824"}],"curies":[{"name":"wp","href":"https:\/\/api.w.org\/{rel}","templated":true}]}}