{"id":24834,"date":"2025-10-01T06:43:08","date_gmt":"2025-10-01T10:43:08","guid":{"rendered":"https:\/\/ezsecur.elsnerdev.com\/?post_type=product&#038;p=24834"},"modified":"2026-03-03T01:26:13","modified_gmt":"2026-03-03T06:26:13","slug":"cadenassage-sac-de-verrouillage-de-securite-19x16-5-standard","status":"publish","type":"product","link":"https:\/\/ezsecur.elsnerdev.com\/fr\/product\/cadenassage-sac-de-verrouillage-de-securite-19x16-5-standard\/","title":{"rendered":"Cadenassage &#8211; Sac de verrouillage de s\u00e9curit\u00e9 &#8211; 19&#215;16.5 &#8211; STANDARD"},"content":{"rendered":"<p>Sac de verrouillage de s\u00e9curit\u00e9<br \/>\n&#8211; Dimension 19&#215;16.5<br \/>\n&#8211; Polyester r\u00e9sistant \u00e0 l&rsquo;usure.<br \/>\n&#8211; C\u00e2ble de verrouillage de 5 m\u00e8tres<br \/>\n&#8211; Verrouille diff\u00e9rents types de regards.<br \/>\n&#8211; Signal d&rsquo;avertissement imprim\u00e9 sur la surface, le signal d&rsquo;avertissement peut \u00eatre personnalis\u00e9.<br \/>\n#305<\/p>\n","protected":false},"excerpt":{"rendered":"<p>Sac de verrouillage de s\u00e9curit\u00e9 &#8211; Dimension 19&#215;16.5 &#8211; Polyester r\u00e9sistant \u00e0 l&rsquo;usure. &#8211; C\u00e2ble de verrouillage de 5 m\u00e8tres &#8211; Verrouille diff\u00e9rents types de regards.<span class=\"excerpt-hellip\"> [\u2026]<\/span><\/p>\n","protected":false},"featured_media":28094,"template":"","meta":[],"product_brand":[],"product_cat":[425,438],"product_tag":[],"class_list":{"0":"post-24834","1":"product","2":"type-product","3":"status-publish","4":"has-post-thumbnail","6":"product_cat-securite-machine-verrouillage-cadenassage","7":"product_cat-dispositifs-de-verrouillage-et-de-cadenassage","8":"pa_sku-std-305-mhol-lbag-19x16-5","9":"pa_unit-pc","11":"first","12":"instock","13":"taxable","14":"shipping-taxable","15":"purchasable","16":"product-type-simple"},"_links":{"self":[{"href":"https:\/\/ezsecur.elsnerdev.com\/fr\/wp-json\/wp\/v2\/product\/24834","targetHints":{"allow":["GET"]}}],"collection":[{"href":"https:\/\/ezsecur.elsnerdev.com\/fr\/wp-json\/wp\/v2\/product"}],"about":[{"href":"https:\/\/ezsecur.elsnerdev.com\/fr\/wp-json\/wp\/v2\/types\/product"}],"wp:featuredmedia":[{"embeddable":true,"href":"https:\/\/ezsecur.elsnerdev.com\/fr\/wp-json\/wp\/v2\/media\/28094"}],"wp:attachment":[{"href":"https:\/\/ezsecur.elsnerdev.com\/fr\/wp-json\/wp\/v2\/media?parent=24834"}],"wp:term":[{"taxonomy":"product_brand","embeddable":true,"href":"https:\/\/ezsecur.elsnerdev.com\/fr\/wp-json\/wp\/v2\/product_brand?post=24834"},{"taxonomy":"product_cat","embeddable":true,"href":"https:\/\/ezsecur.elsnerdev.com\/fr\/wp-json\/wp\/v2\/product_cat?post=24834"},{"taxonomy":"product_tag","embeddable":true,"href":"https:\/\/ezsecur.elsnerdev.com\/fr\/wp-json\/wp\/v2\/product_tag?post=24834"}],"curies":[{"name":"wp","href":"https:\/\/api.w.org\/{rel}","templated":true}]}}