{"id":24842,"date":"2025-10-01T11:56:38","date_gmt":"2025-10-01T15:56:38","guid":{"rendered":"https:\/\/ezsecur.elsnerdev.com\/?post_type=product&#038;p=24842"},"modified":"2026-03-03T01:26:14","modified_gmt":"2026-03-03T06:26:14","slug":"ccadenassage-valve-de-cylindre-a-air-comprime-6-57x3-70-standard","status":"publish","type":"product","link":"https:\/\/ezsecur.elsnerdev.com\/fr\/product\/ccadenassage-valve-de-cylindre-a-air-comprime-6-57x3-70-standard\/","title":{"rendered":"Cadenassage &#8211; Valve de cylindre \u00e0 air comprim\u00e9 &#8211; 6.57&#215;3.70 &#8211; STANDARD"},"content":{"rendered":"<p>Cadenassage pour robinet de cylindre \u00e0 gaz comprim\u00e9<br \/>\n-Boitier en ABS r\u00e9sistant<br \/>\n-Anneaux de cou jusqu&rsquo;\u00e0 1.37&Prime;<br \/>\n-Diam\u00e8tre int\u00e9rieur jusqu&rsquo;\u00e0 3.25&Prime;<br \/>\n-Accueil 3 cadenas de 8.5mm.<br \/>\n-Autocollant de consignes et d&rsquo;identification.<br \/>\n#234<\/p>\n","protected":false},"excerpt":{"rendered":"<p>Cadenassage pour robinet de cylindre \u00e0 gaz comprim\u00e9 -Boitier en ABS r\u00e9sistant -Anneaux de cou jusqu&rsquo;\u00e0 1.37&Prime; -Diam\u00e8tre int\u00e9rieur jusqu&rsquo;\u00e0 3.25&Prime; -Accueil 3 cadenas de 8.5mm.<span class=\"excerpt-hellip\"> [\u2026]<\/span><\/p>\n","protected":false},"featured_media":28096,"template":"","meta":[],"product_brand":[],"product_cat":[425,438],"product_tag":[],"class_list":{"0":"post-24842","1":"product","2":"type-product","3":"status-publish","4":"has-post-thumbnail","6":"product_cat-securite-machine-verrouillage-cadenassage","7":"product_cat-dispositifs-de-verrouillage-et-de-cadenassage","8":"pa_sku-std-234-air-3-25","9":"pa_unit-pc","11":"first","12":"instock","13":"taxable","14":"shipping-taxable","15":"purchasable","16":"product-type-simple"},"_links":{"self":[{"href":"https:\/\/ezsecur.elsnerdev.com\/fr\/wp-json\/wp\/v2\/product\/24842","targetHints":{"allow":["GET"]}}],"collection":[{"href":"https:\/\/ezsecur.elsnerdev.com\/fr\/wp-json\/wp\/v2\/product"}],"about":[{"href":"https:\/\/ezsecur.elsnerdev.com\/fr\/wp-json\/wp\/v2\/types\/product"}],"wp:featuredmedia":[{"embeddable":true,"href":"https:\/\/ezsecur.elsnerdev.com\/fr\/wp-json\/wp\/v2\/media\/28096"}],"wp:attachment":[{"href":"https:\/\/ezsecur.elsnerdev.com\/fr\/wp-json\/wp\/v2\/media?parent=24842"}],"wp:term":[{"taxonomy":"product_brand","embeddable":true,"href":"https:\/\/ezsecur.elsnerdev.com\/fr\/wp-json\/wp\/v2\/product_brand?post=24842"},{"taxonomy":"product_cat","embeddable":true,"href":"https:\/\/ezsecur.elsnerdev.com\/fr\/wp-json\/wp\/v2\/product_cat?post=24842"},{"taxonomy":"product_tag","embeddable":true,"href":"https:\/\/ezsecur.elsnerdev.com\/fr\/wp-json\/wp\/v2\/product_tag?post=24842"}],"curies":[{"name":"wp","href":"https:\/\/api.w.org\/{rel}","templated":true}]}}