{"id":24846,"date":"2025-10-01T12:11:05","date_gmt":"2025-10-01T16:11:05","guid":{"rendered":"https:\/\/ezsecur.elsnerdev.com\/?post_type=product&#038;p=24846"},"modified":"2026-03-03T01:26:15","modified_gmt":"2026-03-03T06:26:15","slug":"cadenassage-verrouillage-de-la-poignee-dalimentation-11-02x0-98-standard","status":"publish","type":"product","link":"https:\/\/ezsecur.elsnerdev.com\/fr\/product\/cadenassage-verrouillage-de-la-poignee-dalimentation-11-02x0-98-standard\/","title":{"rendered":"Cadenassage &#8211; Verrouillage de la poign\u00e9e d&rsquo;alimentation &#8211; 11.02X0.98 &#8211; STANDARD"},"content":{"rendered":"<p>Verrouillage de la poign\u00e9e d&rsquo;alimentation<br \/>\nFabriqu\u00e9 en ABS industriel durable, supporte des temp\u00e9ratures de -20\u2103-90\u2103.<br \/>\nIl se compose d&rsquo;une base orange (avec colle 3M), de deux ajusteurs et d&rsquo;une ceinture rouge<br \/>\nCeinture rouge:280mm(L)\u00d725mm(L)<br \/>\n#240<\/p>\n","protected":false},"excerpt":{"rendered":"<p>Verrouillage de la poign\u00e9e d&rsquo;alimentation Fabriqu\u00e9 en ABS industriel durable, supporte des temp\u00e9ratures de -20\u2103-90\u2103. Il se compose d&rsquo;une base orange (avec colle 3M), de deux<span class=\"excerpt-hellip\"> [\u2026]<\/span><\/p>\n","protected":false},"featured_media":28097,"template":"","meta":[],"product_brand":[],"product_cat":[425,438],"product_tag":[],"class_list":{"0":"post-24846","1":"product","2":"type-product","3":"status-publish","4":"has-post-thumbnail","6":"product_cat-securite-machine-verrouillage-cadenassage","7":"product_cat-dispositifs-de-verrouillage-et-de-cadenassage","8":"pa_sku-std-240-ver-poi-alim-phl01","9":"pa_unit-pc","11":"first","12":"instock","13":"taxable","14":"shipping-taxable","15":"purchasable","16":"product-type-simple"},"_links":{"self":[{"href":"https:\/\/ezsecur.elsnerdev.com\/fr\/wp-json\/wp\/v2\/product\/24846","targetHints":{"allow":["GET"]}}],"collection":[{"href":"https:\/\/ezsecur.elsnerdev.com\/fr\/wp-json\/wp\/v2\/product"}],"about":[{"href":"https:\/\/ezsecur.elsnerdev.com\/fr\/wp-json\/wp\/v2\/types\/product"}],"wp:featuredmedia":[{"embeddable":true,"href":"https:\/\/ezsecur.elsnerdev.com\/fr\/wp-json\/wp\/v2\/media\/28097"}],"wp:attachment":[{"href":"https:\/\/ezsecur.elsnerdev.com\/fr\/wp-json\/wp\/v2\/media?parent=24846"}],"wp:term":[{"taxonomy":"product_brand","embeddable":true,"href":"https:\/\/ezsecur.elsnerdev.com\/fr\/wp-json\/wp\/v2\/product_brand?post=24846"},{"taxonomy":"product_cat","embeddable":true,"href":"https:\/\/ezsecur.elsnerdev.com\/fr\/wp-json\/wp\/v2\/product_cat?post=24846"},{"taxonomy":"product_tag","embeddable":true,"href":"https:\/\/ezsecur.elsnerdev.com\/fr\/wp-json\/wp\/v2\/product_tag?post=24846"}],"curies":[{"name":"wp","href":"https:\/\/api.w.org\/{rel}","templated":true}]}}