{"id":24852,"date":"2025-10-01T12:28:19","date_gmt":"2025-10-01T16:28:19","guid":{"rendered":"https:\/\/ezsecur.elsnerdev.com\/?post_type=product&#038;p=24852"},"modified":"2026-03-03T01:26:16","modified_gmt":"2026-03-03T06:26:16","slug":"cadenassage-verrouillage-de-la-source-dair-1-375x7-75x0-125-standard","status":"publish","type":"product","link":"https:\/\/ezsecur.elsnerdev.com\/fr\/product\/cadenassage-verrouillage-de-la-source-dair-1-375x7-75x0-125-standard\/","title":{"rendered":"Cadenassage &#8211; VERROUILLAGE DE LA SOURCE D&rsquo;AIR &#8211; 1.375X7.75X0.125 &#8211; STANDARD"},"content":{"rendered":"<p>VERROUILLAGE DE LA SOURCE D&rsquo;AIR<br \/>\nConvient aux sources de gaz de 7 \u00e0 20 mm<br \/>\nFabriqu\u00e9 en acier inoxydable 304, r\u00e9sistant \u00e0 la corrosion.<br \/>\nConvient pour 2 cadenas, diam\u00e8tre de l&rsquo;anse \u22648.5mm<br \/>\n#231<\/p>\n","protected":false},"excerpt":{"rendered":"<p>VERROUILLAGE DE LA SOURCE D&rsquo;AIR Convient aux sources de gaz de 7 \u00e0 20 mm Fabriqu\u00e9 en acier inoxydable 304, r\u00e9sistant \u00e0 la corrosion. Convient pour<span class=\"excerpt-hellip\"> [\u2026]<\/span><\/p>\n","protected":false},"featured_media":28098,"template":"","meta":[],"product_brand":[],"product_cat":[425,438],"product_tag":[],"class_list":{"0":"post-24852","1":"product","2":"type-product","3":"status-publish","4":"has-post-thumbnail","6":"product_cat-securite-machine-verrouillage-cadenassage","7":"product_cat-dispositifs-de-verrouillage-et-de-cadenassage","8":"pa_sku-std-231-ver-sou-air-asl02","9":"pa_unit-pc","11":"first","12":"instock","13":"taxable","14":"shipping-taxable","15":"purchasable","16":"product-type-simple"},"_links":{"self":[{"href":"https:\/\/ezsecur.elsnerdev.com\/fr\/wp-json\/wp\/v2\/product\/24852","targetHints":{"allow":["GET"]}}],"collection":[{"href":"https:\/\/ezsecur.elsnerdev.com\/fr\/wp-json\/wp\/v2\/product"}],"about":[{"href":"https:\/\/ezsecur.elsnerdev.com\/fr\/wp-json\/wp\/v2\/types\/product"}],"wp:featuredmedia":[{"embeddable":true,"href":"https:\/\/ezsecur.elsnerdev.com\/fr\/wp-json\/wp\/v2\/media\/28098"}],"wp:attachment":[{"href":"https:\/\/ezsecur.elsnerdev.com\/fr\/wp-json\/wp\/v2\/media?parent=24852"}],"wp:term":[{"taxonomy":"product_brand","embeddable":true,"href":"https:\/\/ezsecur.elsnerdev.com\/fr\/wp-json\/wp\/v2\/product_brand?post=24852"},{"taxonomy":"product_cat","embeddable":true,"href":"https:\/\/ezsecur.elsnerdev.com\/fr\/wp-json\/wp\/v2\/product_cat?post=24852"},{"taxonomy":"product_tag","embeddable":true,"href":"https:\/\/ezsecur.elsnerdev.com\/fr\/wp-json\/wp\/v2\/product_tag?post=24852"}],"curies":[{"name":"wp","href":"https:\/\/api.w.org\/{rel}","templated":true}]}}