{"id":24858,"date":"2025-10-01T12:41:33","date_gmt":"2025-10-01T16:41:33","guid":{"rendered":"https:\/\/ezsecur.elsnerdev.com\/?post_type=product&#038;p=24858"},"modified":"2026-03-03T01:26:16","modified_gmt":"2026-03-03T06:26:16","slug":"cadenassage-verrouillage-de-robinet-vanne-a-bille-11-85x7-standard","status":"publish","type":"product","link":"https:\/\/ezsecur.elsnerdev.com\/fr\/product\/cadenassage-verrouillage-de-robinet-vanne-a-bille-11-85x7-standard\/","title":{"rendered":"Cadenassage &#8211; Verrouillage de robinet, vanne \u00e0 bille -11.85&#215;7 &#8211; STANDARD"},"content":{"rendered":"<p>Cadenassage pour robinets ou vannes \u00e0 billes<br \/>\n-Pour tuyaux de diam\u00e8tre 2.875 \u00e0 8.5 pouces.<br \/>\n-Boitier en ABS r\u00e9sistant<br \/>\n-Supporte les temp\u00e9rature de -20\u00b0C \u00e0 90\u00b0C<br \/>\n-Plaque arri\u00e8re auxiliaire pour barrer les valves \u00e0 double rouleau<br \/>\n-Autocollant de consignes et d&rsquo;identification.<br \/>\n#77<\/p>\n","protected":false},"excerpt":{"rendered":"<p>Cadenassage pour robinets ou vannes \u00e0 billes -Pour tuyaux de diam\u00e8tre 2.875 \u00e0 8.5 pouces. -Boitier en ABS r\u00e9sistant -Supporte les temp\u00e9rature de -20\u00b0C \u00e0 90\u00b0C<span class=\"excerpt-hellip\"> [\u2026]<\/span><\/p>\n","protected":false},"featured_media":28099,"template":"","meta":[],"product_brand":[],"product_cat":[425,438],"product_tag":[],"class_list":{"0":"post-24858","1":"product","2":"type-product","3":"status-publish","4":"has-post-thumbnail","6":"product_cat-securite-machine-verrouillage-cadenassage","7":"product_cat-dispositifs-de-verrouillage-et-de-cadenassage","8":"pa_sku-std-77-bvalve-4f","9":"pa_unit-pc","11":"first","12":"instock","13":"taxable","14":"shipping-taxable","15":"purchasable","16":"product-type-simple"},"_links":{"self":[{"href":"https:\/\/ezsecur.elsnerdev.com\/fr\/wp-json\/wp\/v2\/product\/24858","targetHints":{"allow":["GET"]}}],"collection":[{"href":"https:\/\/ezsecur.elsnerdev.com\/fr\/wp-json\/wp\/v2\/product"}],"about":[{"href":"https:\/\/ezsecur.elsnerdev.com\/fr\/wp-json\/wp\/v2\/types\/product"}],"wp:featuredmedia":[{"embeddable":true,"href":"https:\/\/ezsecur.elsnerdev.com\/fr\/wp-json\/wp\/v2\/media\/28099"}],"wp:attachment":[{"href":"https:\/\/ezsecur.elsnerdev.com\/fr\/wp-json\/wp\/v2\/media?parent=24858"}],"wp:term":[{"taxonomy":"product_brand","embeddable":true,"href":"https:\/\/ezsecur.elsnerdev.com\/fr\/wp-json\/wp\/v2\/product_brand?post=24858"},{"taxonomy":"product_cat","embeddable":true,"href":"https:\/\/ezsecur.elsnerdev.com\/fr\/wp-json\/wp\/v2\/product_cat?post=24858"},{"taxonomy":"product_tag","embeddable":true,"href":"https:\/\/ezsecur.elsnerdev.com\/fr\/wp-json\/wp\/v2\/product_tag?post=24858"}],"curies":[{"name":"wp","href":"https:\/\/api.w.org\/{rel}","templated":true}]}}