{"id":24862,"date":"2025-10-01T13:09:20","date_gmt":"2025-10-01T17:09:20","guid":{"rendered":"https:\/\/ezsecur.elsnerdev.com\/?post_type=product&#038;p=24862"},"modified":"2026-03-03T01:26:17","modified_gmt":"2026-03-03T06:26:17","slug":"cadenassage-verrouillage-de-robinet-vanne-a-bille-6-1x4-33-standard","status":"publish","type":"product","link":"https:\/\/ezsecur.elsnerdev.com\/fr\/product\/cadenassage-verrouillage-de-robinet-vanne-a-bille-6-1x4-33-standard\/","title":{"rendered":"Cadenassage &#8211; Verrouillage de robinet, vanne \u00e0 bille &#8211; 6.1&#215;4.33 &#8211; STANDARD"},"content":{"rendered":"<p>Cadenassage pour robinets ou vannes \u00e0 billes<br \/>\n-Fabriqu\u00e9 en acier tremp\u00e9 avec traitement haute temp\u00e9rature, r\u00e9sistant \u00e0 la rouille.<br \/>\n-Pour valve \u00e0 bille de format 1\/4 \u00e0 1 pouce.<br \/>\n&#8211; Jusqu&rsquo;\u00e0 15 cadenas avec arceau 7.5mm<br \/>\n#80<\/p>\n","protected":false},"excerpt":{"rendered":"<p>Cadenassage pour robinets ou vannes \u00e0 billes -Fabriqu\u00e9 en acier tremp\u00e9 avec traitement haute temp\u00e9rature, r\u00e9sistant \u00e0 la rouille. -Pour valve \u00e0 bille de format 1\/4<span class=\"excerpt-hellip\"> [\u2026]<\/span><\/p>\n","protected":false},"featured_media":28100,"template":"","meta":[],"product_brand":[],"product_cat":[425,438],"product_tag":[],"class_list":{"0":"post-24862","1":"product","2":"type-product","3":"status-publish","4":"has-post-thumbnail","6":"product_cat-securite-machine-verrouillage-cadenassage","7":"product_cat-dispositifs-de-verrouillage-et-de-cadenassage","8":"pa_sku-std-80-bvalve-l02-2","9":"pa_unit-pc","11":"first","12":"instock","13":"taxable","14":"shipping-taxable","15":"purchasable","16":"product-type-simple"},"_links":{"self":[{"href":"https:\/\/ezsecur.elsnerdev.com\/fr\/wp-json\/wp\/v2\/product\/24862","targetHints":{"allow":["GET"]}}],"collection":[{"href":"https:\/\/ezsecur.elsnerdev.com\/fr\/wp-json\/wp\/v2\/product"}],"about":[{"href":"https:\/\/ezsecur.elsnerdev.com\/fr\/wp-json\/wp\/v2\/types\/product"}],"wp:featuredmedia":[{"embeddable":true,"href":"https:\/\/ezsecur.elsnerdev.com\/fr\/wp-json\/wp\/v2\/media\/28100"}],"wp:attachment":[{"href":"https:\/\/ezsecur.elsnerdev.com\/fr\/wp-json\/wp\/v2\/media?parent=24862"}],"wp:term":[{"taxonomy":"product_brand","embeddable":true,"href":"https:\/\/ezsecur.elsnerdev.com\/fr\/wp-json\/wp\/v2\/product_brand?post=24862"},{"taxonomy":"product_cat","embeddable":true,"href":"https:\/\/ezsecur.elsnerdev.com\/fr\/wp-json\/wp\/v2\/product_cat?post=24862"},{"taxonomy":"product_tag","embeddable":true,"href":"https:\/\/ezsecur.elsnerdev.com\/fr\/wp-json\/wp\/v2\/product_tag?post=24862"}],"curies":[{"name":"wp","href":"https:\/\/api.w.org\/{rel}","templated":true}]}}