{"id":24894,"date":"2025-10-02T05:39:47","date_gmt":"2025-10-02T09:39:47","guid":{"rendered":"https:\/\/ezsecur.elsnerdev.com\/?post_type=product&#038;p=24894"},"modified":"2026-03-03T01:26:21","modified_gmt":"2026-03-03T06:26:21","slug":"cadenassage-moraillon-de-consignation-en-aluminium-anodise-2-87x7-standard","status":"publish","type":"product","link":"https:\/\/ezsecur.elsnerdev.com\/fr\/product\/cadenassage-moraillon-de-consignation-en-aluminium-anodise-2-87x7-standard\/","title":{"rendered":"Cadenassage &#8211; Moraillon de consignation en aluminium anodis\u00e9 &#8211; 2.87&#215;7 &#8211; STANDARD"},"content":{"rendered":"<p>Moraillon de consignation ba\u00efonnette \u00e0 ressort<br \/>\nCorps principal est en aluminium anodis\u00e9 et int\u00e9rieur est en acier inoxydable.<br \/>\nR\u00e9sistant \u00e0 la corrosion.<br \/>\nGestionnaire multiple.<br \/>\n\u00c9tiquette de s\u00e9curit\u00e9 manuscrite.<br \/>\n#153<\/p>\n","protected":false},"excerpt":{"rendered":"<p>Moraillon de consignation ba\u00efonnette \u00e0 ressort Corps principal est en aluminium anodis\u00e9 et int\u00e9rieur est en acier inoxydable. R\u00e9sistant \u00e0 la corrosion. Gestionnaire multiple. \u00c9tiquette de<span class=\"excerpt-hellip\"> [\u2026]<\/span><\/p>\n","protected":false},"featured_media":28107,"template":"","meta":[],"product_brand":[],"product_cat":[425,438],"product_tag":[],"class_list":{"0":"post-24894","1":"product","2":"type-product","3":"status-publish","4":"has-post-thumbnail","6":"product_cat-securite-machine-verrouillage-cadenassage","7":"product_cat-dispositifs-de-verrouillage-et-de-cadenassage","8":"pa_sku-std-153-5hasp-11","9":"pa_unit-pc","11":"first","12":"instock","13":"taxable","14":"shipping-taxable","15":"purchasable","16":"product-type-simple"},"_links":{"self":[{"href":"https:\/\/ezsecur.elsnerdev.com\/fr\/wp-json\/wp\/v2\/product\/24894","targetHints":{"allow":["GET"]}}],"collection":[{"href":"https:\/\/ezsecur.elsnerdev.com\/fr\/wp-json\/wp\/v2\/product"}],"about":[{"href":"https:\/\/ezsecur.elsnerdev.com\/fr\/wp-json\/wp\/v2\/types\/product"}],"wp:featuredmedia":[{"embeddable":true,"href":"https:\/\/ezsecur.elsnerdev.com\/fr\/wp-json\/wp\/v2\/media\/28107"}],"wp:attachment":[{"href":"https:\/\/ezsecur.elsnerdev.com\/fr\/wp-json\/wp\/v2\/media?parent=24894"}],"wp:term":[{"taxonomy":"product_brand","embeddable":true,"href":"https:\/\/ezsecur.elsnerdev.com\/fr\/wp-json\/wp\/v2\/product_brand?post=24894"},{"taxonomy":"product_cat","embeddable":true,"href":"https:\/\/ezsecur.elsnerdev.com\/fr\/wp-json\/wp\/v2\/product_cat?post=24894"},{"taxonomy":"product_tag","embeddable":true,"href":"https:\/\/ezsecur.elsnerdev.com\/fr\/wp-json\/wp\/v2\/product_tag?post=24894"}],"curies":[{"name":"wp","href":"https:\/\/api.w.org\/{rel}","templated":true}]}}