{"id":25008,"date":"2025-11-21T23:57:08","date_gmt":"2025-11-22T04:57:08","guid":{"rendered":"https:\/\/ezsecur.elsnerdev.com\/?post_type=product&#038;p=25008"},"modified":"2026-03-03T01:26:22","modified_gmt":"2026-03-03T06:26:22","slug":"affiche-presence-dun-dos-dane-aluminium-0-064-vinyle-grade-diamant-24x24-standard","status":"publish","type":"product","link":"https:\/\/ezsecur.elsnerdev.com\/fr\/product\/affiche-presence-dun-dos-dane-aluminium-0-064-vinyle-grade-diamant-24x24-standard\/","title":{"rendered":"Affiche &#8211; Pr\u00e9sence d&rsquo;un dos d&rsquo;\u00e2ne &#8211; Aluminium 0.064 &#8211; Vinyle Grade diamant &#8211; 24&#215;24 &#8211; STANDARD"},"content":{"rendered":"<p>Affiche Pr\u00e9sence d\u2019un dos d\u2019\u00e2ne<br \/>\nDimensions 24&#215;24<br \/>\nAluminium 0.064<br \/>\nVinyle grade ing\u00e9nieur<br \/>\nFond jaune<br \/>\nLettrage noir avec pictogramme<br \/>\nContours noirs<\/p>\n<p>Prix \u00e0 l&rsquo;unit\u00e9<\/p>\n","protected":false},"excerpt":{"rendered":"<p>Affiche Pr\u00e9sence d\u2019un dos d\u2019\u00e2ne Dimensions 24&#215;24 Aluminium 0.064 Vinyle grade ing\u00e9nieur Fond jaune Lettrage noir avec pictogramme Contours noirs Prix \u00e0 l&rsquo;unit\u00e9<\/p>\n","protected":false},"featured_media":28108,"template":"","meta":[],"product_brand":[],"product_cat":[2625,389,405],"product_tag":[],"class_list":{"0":"post-25008","1":"product","2":"type-product","3":"status-publish","4":"has-post-thumbnail","6":"product_cat-signalisation-dindication","7":"product_cat-signalisation-industrielle-et-circulation-sur-site","8":"product_cat-panneaux-de-signalisation-routiere","9":"pa_sku-std-aff-dosane-064-dia-24x24","10":"pa_unit-pc","12":"first","13":"instock","14":"taxable","15":"shipping-taxable","16":"purchasable","17":"product-type-simple"},"_links":{"self":[{"href":"https:\/\/ezsecur.elsnerdev.com\/fr\/wp-json\/wp\/v2\/product\/25008","targetHints":{"allow":["GET"]}}],"collection":[{"href":"https:\/\/ezsecur.elsnerdev.com\/fr\/wp-json\/wp\/v2\/product"}],"about":[{"href":"https:\/\/ezsecur.elsnerdev.com\/fr\/wp-json\/wp\/v2\/types\/product"}],"wp:featuredmedia":[{"embeddable":true,"href":"https:\/\/ezsecur.elsnerdev.com\/fr\/wp-json\/wp\/v2\/media\/28108"}],"wp:attachment":[{"href":"https:\/\/ezsecur.elsnerdev.com\/fr\/wp-json\/wp\/v2\/media?parent=25008"}],"wp:term":[{"taxonomy":"product_brand","embeddable":true,"href":"https:\/\/ezsecur.elsnerdev.com\/fr\/wp-json\/wp\/v2\/product_brand?post=25008"},{"taxonomy":"product_cat","embeddable":true,"href":"https:\/\/ezsecur.elsnerdev.com\/fr\/wp-json\/wp\/v2\/product_cat?post=25008"},{"taxonomy":"product_tag","embeddable":true,"href":"https:\/\/ezsecur.elsnerdev.com\/fr\/wp-json\/wp\/v2\/product_tag?post=25008"}],"curies":[{"name":"wp","href":"https:\/\/api.w.org\/{rel}","templated":true}]}}