{"id":25012,"date":"2025-11-23T23:27:48","date_gmt":"2025-11-24T04:27:48","guid":{"rendered":"https:\/\/ezsecur.elsnerdev.com\/?post_type=product&#038;p=25012"},"modified":"2026-03-03T01:26:22","modified_gmt":"2026-03-03T06:26:22","slug":"affiche-vitesse-max-30-aluminium-0-064-vinyle-grade-diamant-24x30-standard","status":"publish","type":"product","link":"https:\/\/ezsecur.elsnerdev.com\/fr\/product\/affiche-vitesse-max-30-aluminium-0-064-vinyle-grade-diamant-24x30-standard\/","title":{"rendered":"Affiche &#8211; Vitesse max 30 &#8211; Aluminium 0.064 &#8211; Vinyle grade diamant &#8211; 24&#215;30 &#8211; STANDARD"},"content":{"rendered":"<p>Affiche Vitesse maximum autoris\u00e9e: 30<br \/>\nDimension : 24&#215;30<br \/>\nAluminium 064<br \/>\nVinyle grade diamant<br \/>\nFond blanc, lettrage noir<br \/>\nVitesse maximum autoris\u00e9e: 30<\/p>\n<p>Prix \u00e0 l&rsquo;unit\u00e9<\/p>\n","protected":false},"excerpt":{"rendered":"<p>Affiche Vitesse maximum autoris\u00e9e: 30 Dimension : 24&#215;30 Aluminium 064 Vinyle grade diamant Fond blanc, lettrage noir Vitesse maximum autoris\u00e9e: 30 Prix \u00e0 l&rsquo;unit\u00e9<\/p>\n","protected":false},"featured_media":28109,"template":"","meta":[],"product_brand":[],"product_cat":[2625,389,405],"product_tag":[],"class_list":{"0":"post-25012","1":"product","2":"type-product","3":"status-publish","4":"has-post-thumbnail","6":"product_cat-signalisation-dindication","7":"product_cat-signalisation-industrielle-et-circulation-sur-site","8":"product_cat-panneaux-de-signalisation-routiere","9":"pa_sku-std-aff-max30-dia-24x30","10":"pa_unit-pc","12":"first","13":"instock","14":"taxable","15":"shipping-taxable","16":"purchasable","17":"product-type-simple"},"_links":{"self":[{"href":"https:\/\/ezsecur.elsnerdev.com\/fr\/wp-json\/wp\/v2\/product\/25012","targetHints":{"allow":["GET"]}}],"collection":[{"href":"https:\/\/ezsecur.elsnerdev.com\/fr\/wp-json\/wp\/v2\/product"}],"about":[{"href":"https:\/\/ezsecur.elsnerdev.com\/fr\/wp-json\/wp\/v2\/types\/product"}],"wp:featuredmedia":[{"embeddable":true,"href":"https:\/\/ezsecur.elsnerdev.com\/fr\/wp-json\/wp\/v2\/media\/28109"}],"wp:attachment":[{"href":"https:\/\/ezsecur.elsnerdev.com\/fr\/wp-json\/wp\/v2\/media?parent=25012"}],"wp:term":[{"taxonomy":"product_brand","embeddable":true,"href":"https:\/\/ezsecur.elsnerdev.com\/fr\/wp-json\/wp\/v2\/product_brand?post=25012"},{"taxonomy":"product_cat","embeddable":true,"href":"https:\/\/ezsecur.elsnerdev.com\/fr\/wp-json\/wp\/v2\/product_cat?post=25012"},{"taxonomy":"product_tag","embeddable":true,"href":"https:\/\/ezsecur.elsnerdev.com\/fr\/wp-json\/wp\/v2\/product_tag?post=25012"}],"curies":[{"name":"wp","href":"https:\/\/api.w.org\/{rel}","templated":true}]}}