{"id":25025,"date":"2025-12-01T15:03:50","date_gmt":"2025-12-01T20:03:50","guid":{"rendered":"https:\/\/ezsecur.elsnerdev.com\/?post_type=product&#038;p=25025"},"modified":"2026-03-03T01:26:23","modified_gmt":"2026-03-03T06:26:23","slug":"affiche-defense-dentrer-aluminium-0-064-vinyle-ingenieur-impression-uv-12x18-standard","status":"publish","type":"product","link":"https:\/\/ezsecur.elsnerdev.com\/fr\/product\/affiche-defense-dentrer-aluminium-0-064-vinyle-ingenieur-impression-uv-12x18-standard\/","title":{"rendered":"Affiche &#8211; D\u00e9fense d&rsquo;entrer &#8211; Aluminium 0.064 &#8211; Vinyle ing\u00e9nieur Impression uv &#8211; 12&#215;18 &#8211; STANDARD"},"content":{"rendered":"<p>Affiche &#8211; D\u00e9fense d&rsquo;entrer<br \/>\n&#8211; Dimension: 12&#215;18<br \/>\n&#8211; Aluminium 064<br \/>\n&#8211; Coins arrondis<br \/>\n&#8211; Vinyle grade ing\u00e9nieur<br \/>\n&#8211; Contours noir<br \/>\n&#8211; Fond blanc, pictogramme rouge et noir. &#8211; PICTOGRAMME Affiche &#8211; D\u00e9fense d&rsquo;entrer<\/p>\n","protected":false},"excerpt":{"rendered":"<p>Affiche &#8211; D\u00e9fense d&rsquo;entrer &#8211; Dimension: 12&#215;18 &#8211; Aluminium 064 &#8211; Coins arrondis &#8211; Vinyle grade ing\u00e9nieur &#8211; Contours noir &#8211; Fond blanc, pictogramme rouge et<span class=\"excerpt-hellip\"> [\u2026]<\/span><\/p>\n","protected":false},"featured_media":28111,"template":"","meta":[],"product_brand":[],"product_cat":[389,401],"product_tag":[],"class_list":{"0":"post-25025","1":"product","2":"type-product","3":"status-publish","4":"has-post-thumbnail","6":"product_cat-signalisation-industrielle-et-circulation-sur-site","7":"product_cat-affichage-industriel","8":"pa_sku-std-def-den-064-ing-gla-12x18","9":"pa_unit-pc","11":"first","12":"instock","13":"taxable","14":"shipping-taxable","15":"purchasable","16":"product-type-simple"},"_links":{"self":[{"href":"https:\/\/ezsecur.elsnerdev.com\/fr\/wp-json\/wp\/v2\/product\/25025","targetHints":{"allow":["GET"]}}],"collection":[{"href":"https:\/\/ezsecur.elsnerdev.com\/fr\/wp-json\/wp\/v2\/product"}],"about":[{"href":"https:\/\/ezsecur.elsnerdev.com\/fr\/wp-json\/wp\/v2\/types\/product"}],"wp:featuredmedia":[{"embeddable":true,"href":"https:\/\/ezsecur.elsnerdev.com\/fr\/wp-json\/wp\/v2\/media\/28111"}],"wp:attachment":[{"href":"https:\/\/ezsecur.elsnerdev.com\/fr\/wp-json\/wp\/v2\/media?parent=25025"}],"wp:term":[{"taxonomy":"product_brand","embeddable":true,"href":"https:\/\/ezsecur.elsnerdev.com\/fr\/wp-json\/wp\/v2\/product_brand?post=25025"},{"taxonomy":"product_cat","embeddable":true,"href":"https:\/\/ezsecur.elsnerdev.com\/fr\/wp-json\/wp\/v2\/product_cat?post=25025"},{"taxonomy":"product_tag","embeddable":true,"href":"https:\/\/ezsecur.elsnerdev.com\/fr\/wp-json\/wp\/v2\/product_tag?post=25025"}],"curies":[{"name":"wp","href":"https:\/\/api.w.org\/{rel}","templated":true}]}}