{"id":25056,"date":"2025-12-02T09:40:29","date_gmt":"2025-12-02T14:40:29","guid":{"rendered":"https:\/\/ezsecur.elsnerdev.com\/?post_type=product&#038;p=25056"},"modified":"2026-03-03T01:26:27","modified_gmt":"2026-03-03T06:26:27","slug":"affiche-acces-interdit-aux-automobiles-aluminium-0-064-vinyle-ingenieur-impression-uv-12x18-standard","status":"publish","type":"product","link":"https:\/\/ezsecur.elsnerdev.com\/fr\/product\/affiche-acces-interdit-aux-automobiles-aluminium-0-064-vinyle-ingenieur-impression-uv-12x18-standard\/","title":{"rendered":"Affiche &#8211; Acc\u00e8s interdit aux automobiles &#8211; Aluminium 0.064 &#8211; Vinyle ing\u00e9nieur Impression uv &#8211; 12&#215;18 &#8211; STANDARD"},"content":{"rendered":"<p>Affiche &#8211; Acc\u00e8s interdit aux automobiles<br \/>\nDimensions: 12&#215;18<br \/>\nAluminium 064<br \/>\nCoins arrondis<br \/>\nVinyle grade ing\u00e9nieur<br \/>\nContours noir<br \/>\nFond blanc, pictogramme rouge et noir. &#8211; PICTOGRAMME Affiche &#8211; Acc\u00e8s interdit aux automobiles<\/p>\n<p>Prix \u00e0 l&rsquo;unit\u00e9<\/p>\n","protected":false},"excerpt":{"rendered":"<p>Affiche &#8211; Acc\u00e8s interdit aux automobiles Dimensions: 12&#215;18 Aluminium 064 Coins arrondis Vinyle grade ing\u00e9nieur Contours noir Fond blanc, pictogramme rouge et noir. &#8211; PICTOGRAMME Affiche<span class=\"excerpt-hellip\"> [\u2026]<\/span><\/p>\n","protected":false},"featured_media":28117,"template":"","meta":[],"product_brand":[],"product_cat":[389,401],"product_tag":[],"class_list":{"0":"post-25056","1":"product","2":"type-product","3":"status-publish","4":"has-post-thumbnail","6":"product_cat-signalisation-industrielle-et-circulation-sur-site","7":"product_cat-affichage-industriel","8":"pa_sku-std-acc-int-aux-064-ing-gla-12x18","9":"pa_unit-pc","11":"first","12":"instock","13":"taxable","14":"shipping-taxable","15":"purchasable","16":"product-type-simple"},"_links":{"self":[{"href":"https:\/\/ezsecur.elsnerdev.com\/fr\/wp-json\/wp\/v2\/product\/25056","targetHints":{"allow":["GET"]}}],"collection":[{"href":"https:\/\/ezsecur.elsnerdev.com\/fr\/wp-json\/wp\/v2\/product"}],"about":[{"href":"https:\/\/ezsecur.elsnerdev.com\/fr\/wp-json\/wp\/v2\/types\/product"}],"wp:featuredmedia":[{"embeddable":true,"href":"https:\/\/ezsecur.elsnerdev.com\/fr\/wp-json\/wp\/v2\/media\/28117"}],"wp:attachment":[{"href":"https:\/\/ezsecur.elsnerdev.com\/fr\/wp-json\/wp\/v2\/media?parent=25056"}],"wp:term":[{"taxonomy":"product_brand","embeddable":true,"href":"https:\/\/ezsecur.elsnerdev.com\/fr\/wp-json\/wp\/v2\/product_brand?post=25056"},{"taxonomy":"product_cat","embeddable":true,"href":"https:\/\/ezsecur.elsnerdev.com\/fr\/wp-json\/wp\/v2\/product_cat?post=25056"},{"taxonomy":"product_tag","embeddable":true,"href":"https:\/\/ezsecur.elsnerdev.com\/fr\/wp-json\/wp\/v2\/product_tag?post=25056"}],"curies":[{"name":"wp","href":"https:\/\/api.w.org\/{rel}","templated":true}]}}