{"id":28183,"date":"2026-03-12T08:29:45","date_gmt":"2026-03-12T12:29:45","guid":{"rendered":"https:\/\/ezsecur.elsnerdev.com\/product\/arcelor-poster-mandatory-lockout-aluminum-064-regular-vinyl-uv-printing-size-24x32\/"},"modified":"2026-03-12T08:29:46","modified_gmt":"2026-03-12T12:29:46","slug":"arcelor-poster-mandatory-lockout-aluminum-064-regular-vinyl-uv-printing-size-24x32","status":"publish","type":"product","link":"https:\/\/ezsecur.elsnerdev.com\/fr\/product\/arcelor-poster-mandatory-lockout-aluminum-064-regular-vinyl-uv-printing-size-24x32\/","title":{"rendered":"Arcelor &#8211; Affiche &#8211; Cadenassage obligatoire &#8211; Aluminium 064 &#8211; Vinyle r\u00e9gulier impression UV &#8211; Dimension 24&#215;32"},"content":{"rendered":"<p>Affiche attention cadenassage obligatoire<br \/>\nDimensions: 24&#215;32<br \/>\nAluminium 0.064 \u00a0\u00bb<br \/>\nVinyle r\u00e9gulier<br \/>\nImpression encre UV<br \/>\nFond gris<br \/>\nLettrage noir<br \/>\nAvec pictogramme<\/p>\n<p>Prix \u00e0 l&rsquo;unit\u00e9<\/p>\n","protected":false},"excerpt":{"rendered":"<p>Affiche attention cadenassage obligatoire Dimensions: 24&#215;32 Aluminium 0.064 \u00a0\u00bb Vinyle r\u00e9gulier Impression encre UV Fond gris Lettrage noir Avec pictogramme Prix \u00e0 l&rsquo;unit\u00e9<\/p>\n","protected":false},"featured_media":0,"template":"","meta":[],"product_brand":[],"product_cat":[15],"product_tag":[],"class_list":{"0":"post-28183","1":"product","2":"type-product","3":"status-publish","5":"product_cat-uncategorized","7":"first","8":"instock","9":"taxable","10":"shipping-taxable","11":"purchasable","12":"product-type-simple"},"_links":{"self":[{"href":"https:\/\/ezsecur.elsnerdev.com\/fr\/wp-json\/wp\/v2\/product\/28183","targetHints":{"allow":["GET"]}}],"collection":[{"href":"https:\/\/ezsecur.elsnerdev.com\/fr\/wp-json\/wp\/v2\/product"}],"about":[{"href":"https:\/\/ezsecur.elsnerdev.com\/fr\/wp-json\/wp\/v2\/types\/product"}],"wp:attachment":[{"href":"https:\/\/ezsecur.elsnerdev.com\/fr\/wp-json\/wp\/v2\/media?parent=28183"}],"wp:term":[{"taxonomy":"product_brand","embeddable":true,"href":"https:\/\/ezsecur.elsnerdev.com\/fr\/wp-json\/wp\/v2\/product_brand?post=28183"},{"taxonomy":"product_cat","embeddable":true,"href":"https:\/\/ezsecur.elsnerdev.com\/fr\/wp-json\/wp\/v2\/product_cat?post=28183"},{"taxonomy":"product_tag","embeddable":true,"href":"https:\/\/ezsecur.elsnerdev.com\/fr\/wp-json\/wp\/v2\/product_tag?post=28183"}],"curies":[{"name":"wp","href":"https:\/\/api.w.org\/{rel}","templated":true}]}}