{"id":28185,"date":"2026-03-12T08:37:56","date_gmt":"2026-03-12T12:37:56","guid":{"rendered":"https:\/\/ezsecur.elsnerdev.com\/product\/arcelor-poster-mandatory-lockout-aluminum-0-064-regular-vinyl-uv-printing-size-16x24\/"},"modified":"2026-03-12T08:37:57","modified_gmt":"2026-03-12T12:37:57","slug":"arcelor-poster-mandatory-lockout-aluminum-0-064-regular-vinyl-uv-printing-size-16x24","status":"publish","type":"product","link":"https:\/\/ezsecur.elsnerdev.com\/fr\/product\/arcelor-poster-mandatory-lockout-aluminum-0-064-regular-vinyl-uv-printing-size-16x24\/","title":{"rendered":"ARCELOR &#8211; Affiche &#8211; Cadenassage obligatoire &#8211; Aluminium 0.064 &#8211; Vinyle r\u00e9gulier impression UV &#8211; Dimension 16&#215;24"},"content":{"rendered":"<p>Affiche attention cadenassage obligatoire<br \/>\nDimensions: 16&#215;24<br \/>\nAluminium 0.064<br \/>\nVinyle r\u00e9gulier pour impression<br \/>\nImpression encre UV<br \/>\nFond gris<br \/>\nLettrage noir<br \/>\nAvec pictogramme<\/p>\n<p>Prix \u00e0 l&rsquo;unit\u00e9<\/p>\n","protected":false},"excerpt":{"rendered":"<p>Affiche attention cadenassage obligatoire Dimensions: 16&#215;24 Aluminium 0.064 Vinyle r\u00e9gulier pour impression Impression encre UV Fond gris Lettrage noir Avec pictogramme Prix \u00e0 l&rsquo;unit\u00e9<\/p>\n","protected":false},"featured_media":0,"template":"","meta":[],"product_brand":[],"product_cat":[15],"product_tag":[],"class_list":{"0":"post-28185","1":"product","2":"type-product","3":"status-publish","5":"product_cat-uncategorized","7":"first","8":"instock","9":"taxable","10":"shipping-taxable","11":"purchasable","12":"product-type-simple"},"_links":{"self":[{"href":"https:\/\/ezsecur.elsnerdev.com\/fr\/wp-json\/wp\/v2\/product\/28185","targetHints":{"allow":["GET"]}}],"collection":[{"href":"https:\/\/ezsecur.elsnerdev.com\/fr\/wp-json\/wp\/v2\/product"}],"about":[{"href":"https:\/\/ezsecur.elsnerdev.com\/fr\/wp-json\/wp\/v2\/types\/product"}],"wp:attachment":[{"href":"https:\/\/ezsecur.elsnerdev.com\/fr\/wp-json\/wp\/v2\/media?parent=28185"}],"wp:term":[{"taxonomy":"product_brand","embeddable":true,"href":"https:\/\/ezsecur.elsnerdev.com\/fr\/wp-json\/wp\/v2\/product_brand?post=28185"},{"taxonomy":"product_cat","embeddable":true,"href":"https:\/\/ezsecur.elsnerdev.com\/fr\/wp-json\/wp\/v2\/product_cat?post=28185"},{"taxonomy":"product_tag","embeddable":true,"href":"https:\/\/ezsecur.elsnerdev.com\/fr\/wp-json\/wp\/v2\/product_tag?post=28185"}],"curies":[{"name":"wp","href":"https:\/\/api.w.org\/{rel}","templated":true}]}}