{"id":28187,"date":"2026-03-12T09:41:06","date_gmt":"2026-03-12T13:41:06","guid":{"rendered":"https:\/\/ezsecur.elsnerdev.com\/product\/abi-500534910-booklet-lifting-equipment-form-pre-operational-inspection-ncr2-pack-of-100-8-5x11\/"},"modified":"2026-03-12T09:46:14","modified_gmt":"2026-03-12T13:46:14","slug":"abi-500534910-booklet-lifting-equipment-form-pre-operational-inspection-ncr2-pack-of-100-8-5x11","status":"publish","type":"product","link":"https:\/\/ezsecur.elsnerdev.com\/fr\/product\/abi-500534910-booklet-lifting-equipment-form-pre-operational-inspection-ncr2-pack-of-100-8-5x11\/","title":{"rendered":"ABI &#8211; 500534910 &#8211; Carnet &#8211; FORMULAIRE EQUIPEMENT LEVAGE, V\u00c9RIFICATION PR\u00c9-OP\u00c9RATIONNELLE &#8211; NCR2 &#8211; Lot de 100 &#8211; 8.5&#215;11"},"content":{"rendered":"<p>Carnet &#8211; FORMULAIRE EQUIPEMENT LEVAGE, V\u00c9RIFICATION PR\u00c9-OP\u00c9RATIONNELLE<br \/>\nCouvert dessus carton 12 points, impression couleur recto<br \/>\nCouvert dessous carton 12 points avec rabat de 9.5&Prime;<br \/>\n25 copies NCR2: Copies 1 et 2 Impression noir et blanc recto, copie blanche d\u00e9tachable<br \/>\nBrochage.<\/p>\n<p>Prix pour un paquet de 100.<\/p>\n","protected":false},"excerpt":{"rendered":"<p>Carnet &#8211; FORMULAIRE EQUIPEMENT LEVAGE, V\u00c9RIFICATION PR\u00c9-OP\u00c9RATIONNELLE Couvert dessus carton 12 points, impression couleur recto Couvert dessous carton 12 points avec rabat de 9.5&Prime; 25 copies<span class=\"excerpt-hellip\"> [\u2026]<\/span><\/p>\n","protected":false},"featured_media":0,"template":"","meta":[],"product_brand":[],"product_cat":[15],"product_tag":[],"class_list":{"0":"post-28187","1":"product","2":"type-product","3":"status-publish","5":"product_cat-uncategorized","7":"first","8":"instock","9":"taxable","10":"shipping-taxable","11":"purchasable","12":"product-type-simple"},"_links":{"self":[{"href":"https:\/\/ezsecur.elsnerdev.com\/fr\/wp-json\/wp\/v2\/product\/28187","targetHints":{"allow":["GET"]}}],"collection":[{"href":"https:\/\/ezsecur.elsnerdev.com\/fr\/wp-json\/wp\/v2\/product"}],"about":[{"href":"https:\/\/ezsecur.elsnerdev.com\/fr\/wp-json\/wp\/v2\/types\/product"}],"wp:attachment":[{"href":"https:\/\/ezsecur.elsnerdev.com\/fr\/wp-json\/wp\/v2\/media?parent=28187"}],"wp:term":[{"taxonomy":"product_brand","embeddable":true,"href":"https:\/\/ezsecur.elsnerdev.com\/fr\/wp-json\/wp\/v2\/product_brand?post=28187"},{"taxonomy":"product_cat","embeddable":true,"href":"https:\/\/ezsecur.elsnerdev.com\/fr\/wp-json\/wp\/v2\/product_cat?post=28187"},{"taxonomy":"product_tag","embeddable":true,"href":"https:\/\/ezsecur.elsnerdev.com\/fr\/wp-json\/wp\/v2\/product_tag?post=28187"}],"curies":[{"name":"wp","href":"https:\/\/api.w.org\/{rel}","templated":true}]}}