{"id":28195,"date":"2026-03-12T14:44:17","date_gmt":"2026-03-12T18:44:17","guid":{"rendered":"https:\/\/ezsecur.elsnerdev.com\/product\/cezinc-magnetic-dashboard-four-4-porcelain-finish-anodized-aluminum-molding-regular-laminated-dry-erase-vinyl-48x36\/"},"modified":"2026-03-12T14:44:17","modified_gmt":"2026-03-12T18:44:17","slug":"cezinc-magnetic-dashboard-four-4-porcelain-finish-anodized-aluminum-molding-regular-laminated-dry-erase-vinyl-48x36","status":"publish","type":"product","link":"https:\/\/ezsecur.elsnerdev.com\/fr\/product\/cezinc-magnetic-dashboard-four-4-porcelain-finish-anodized-aluminum-molding-regular-laminated-dry-erase-vinyl-48x36\/","title":{"rendered":"CEZINC &#8211; Tableau de bord magn\u00e9tique &#8211; Four 4 &#8211; Fini Porcelaine &#8211; Moulure en aluminium anodis\u00e9 &#8211; Vinyle r\u00e9gulier lamin\u00e9 effa\u00e7able \u00e0 sec &#8211; 48&#215;36"},"content":{"rendered":"<p>Tableau de bord magn\u00e9tique<br \/>\nDimensions 48&#215;36<br \/>\nFini porcelaine<br \/>\nVisuel sur vinyle r\u00e9gulier<br \/>\nImpression UV<br \/>\nAvec laminage effa\u00e7able \u00e0 sec<\/p>\n<p>Prix \u00e0 l&rsquo;unit\u00e9<\/p>\n","protected":false},"excerpt":{"rendered":"<p>Tableau de bord magn\u00e9tique Dimensions 48&#215;36 Fini porcelaine Visuel sur vinyle r\u00e9gulier Impression UV Avec laminage effa\u00e7able \u00e0 sec Prix \u00e0 l&rsquo;unit\u00e9<\/p>\n","protected":false},"featured_media":0,"template":"","meta":[],"product_brand":[],"product_cat":[15],"product_tag":[],"class_list":{"0":"post-28195","1":"product","2":"type-product","3":"status-publish","5":"product_cat-uncategorized","7":"first","8":"instock","9":"taxable","10":"shipping-taxable","11":"purchasable","12":"product-type-simple"},"_links":{"self":[{"href":"https:\/\/ezsecur.elsnerdev.com\/fr\/wp-json\/wp\/v2\/product\/28195","targetHints":{"allow":["GET"]}}],"collection":[{"href":"https:\/\/ezsecur.elsnerdev.com\/fr\/wp-json\/wp\/v2\/product"}],"about":[{"href":"https:\/\/ezsecur.elsnerdev.com\/fr\/wp-json\/wp\/v2\/types\/product"}],"wp:attachment":[{"href":"https:\/\/ezsecur.elsnerdev.com\/fr\/wp-json\/wp\/v2\/media?parent=28195"}],"wp:term":[{"taxonomy":"product_brand","embeddable":true,"href":"https:\/\/ezsecur.elsnerdev.com\/fr\/wp-json\/wp\/v2\/product_brand?post=28195"},{"taxonomy":"product_cat","embeddable":true,"href":"https:\/\/ezsecur.elsnerdev.com\/fr\/wp-json\/wp\/v2\/product_cat?post=28195"},{"taxonomy":"product_tag","embeddable":true,"href":"https:\/\/ezsecur.elsnerdev.com\/fr\/wp-json\/wp\/v2\/product_tag?post=28195"}],"curies":[{"name":"wp","href":"https:\/\/api.w.org\/{rel}","templated":true}]}}