{"id":28203,"date":"2026-03-13T15:23:18","date_gmt":"2026-03-13T19:23:18","guid":{"rendered":"https:\/\/ezsecur.elsnerdev.com\/product\/groupe-eclair-label-annual-fire-extinguisher-inspection-8-mil-synthetic-paper-double-sided-printing-pack-of-1000-2-5x5-5\/"},"modified":"2026-03-13T15:23:18","modified_gmt":"2026-03-13T19:23:18","slug":"groupe-eclair-label-annual-fire-extinguisher-inspection-8-mil-synthetic-paper-double-sided-printing-pack-of-1000-2-5x5-5","status":"publish","type":"product","link":"https:\/\/ezsecur.elsnerdev.com\/fr\/product\/groupe-eclair-label-annual-fire-extinguisher-inspection-8-mil-synthetic-paper-double-sided-printing-pack-of-1000-2-5x5-5\/","title":{"rendered":"GROUPE ECLAIR &#8211; \u00c9tiquette &#8211; Inspection annuelle d&rsquo;extincteurs &#8211; Papier synth\u00e9tique 8mil impression recto verso &#8211; Lot de 1000 &#8211; 2.5&#215;5.5"},"content":{"rendered":"<p>\u00c9tiquette d&rsquo;inspection annuelle d&rsquo;extincteurs<br \/>\nDimension : 2.5&#215;5.5<br \/>\nPapier synth\u00e9tique 8mil<br \/>\nPointe en biseau<br \/>\nImpression couleurs recto-verso<br \/>\nPoin\u00e7on en haut au centre<br \/>\nLettrage noir , rouge sur fond blanc rouge et noir AVEC LOGO<br \/>\nNE PAS RETIRER et Autres.<\/p>\n<p>Prix d&rsquo;un lot de 1000 \u00e9tiquettes<\/p>\n","protected":false},"excerpt":{"rendered":"<p>\u00c9tiquette d&rsquo;inspection annuelle d&rsquo;extincteurs Dimension : 2.5&#215;5.5 Papier synth\u00e9tique 8mil Pointe en biseau Impression couleurs recto-verso Poin\u00e7on en haut au centre Lettrage noir , rouge sur<span class=\"excerpt-hellip\"> [\u2026]<\/span><\/p>\n","protected":false},"featured_media":0,"template":"","meta":[],"product_brand":[],"product_cat":[15],"product_tag":[],"class_list":{"0":"post-28203","1":"product","2":"type-product","3":"status-publish","5":"product_cat-uncategorized","7":"first","8":"instock","9":"taxable","10":"shipping-taxable","11":"purchasable","12":"product-type-simple"},"_links":{"self":[{"href":"https:\/\/ezsecur.elsnerdev.com\/fr\/wp-json\/wp\/v2\/product\/28203","targetHints":{"allow":["GET"]}}],"collection":[{"href":"https:\/\/ezsecur.elsnerdev.com\/fr\/wp-json\/wp\/v2\/product"}],"about":[{"href":"https:\/\/ezsecur.elsnerdev.com\/fr\/wp-json\/wp\/v2\/types\/product"}],"wp:attachment":[{"href":"https:\/\/ezsecur.elsnerdev.com\/fr\/wp-json\/wp\/v2\/media?parent=28203"}],"wp:term":[{"taxonomy":"product_brand","embeddable":true,"href":"https:\/\/ezsecur.elsnerdev.com\/fr\/wp-json\/wp\/v2\/product_brand?post=28203"},{"taxonomy":"product_cat","embeddable":true,"href":"https:\/\/ezsecur.elsnerdev.com\/fr\/wp-json\/wp\/v2\/product_cat?post=28203"},{"taxonomy":"product_tag","embeddable":true,"href":"https:\/\/ezsecur.elsnerdev.com\/fr\/wp-json\/wp\/v2\/product_tag?post=28203"}],"curies":[{"name":"wp","href":"https:\/\/api.w.org\/{rel}","templated":true}]}}