{"id":8913,"date":"2023-05-08T14:55:07","date_gmt":"2023-05-08T18:55:07","guid":{"rendered":"https:\/\/c55978fc42.nxcli.io\/?post_type=product&#038;p=8913"},"modified":"2026-03-03T01:19:51","modified_gmt":"2026-03-03T06:19:51","slug":"support-transportable-pour-feu-de-signalisation-ou-radar-poteau-90-peinture-noire-30x38x100-standard-iz","status":"publish","type":"product","link":"https:\/\/ezsecur.elsnerdev.com\/fr\/product\/support-transportable-pour-feu-de-signalisation-ou-radar-poteau-90-peinture-noire-30x38x100-standard-iz\/","title":{"rendered":"Support transportable pour feu de signalisation ou radar &#8211; Poteau 90 &#8211; Peinture noire &#8211; 30x38x100 &#8211; STANDARD IZ"},"content":{"rendered":"<p>*** Fabriqu\u00e9 au Qu\u00e9bec ***<\/p>\n<p>Support transportable pour radars de vitesse et radars p\u00e9dagogiques, 30x30x100, y compris :<br \/>\n&#8211; Base en acier 30&#215;30.<br \/>\n&#8211; Hauteur du poteau 100 pouces<br \/>\n&#8211; Poign\u00e9e de transport<br \/>\n&#8211; 2 roues de transport \u00d88inches<br \/>\n&#8211; 2 barres de renforcement<br \/>\n&#8211; Peinture noire<\/p>\n<p>***NON INCLUS SKU RADAR DE VITESSE : STD-RAD-CAM-SOL-1V<br \/>\n***NON INCLUS SKU RADAR \u00c9DUCATIF : STD-RAD-SOL<\/p>\n","protected":false},"excerpt":{"rendered":"<p>*** Fabriqu\u00e9 au Qu\u00e9bec *** Support transportable pour radars de vitesse et radars p\u00e9dagogiques, 30x30x100, y compris : &#8211; Base en acier 30&#215;30. &#8211; Hauteur du<span class=\"excerpt-hellip\"> [\u2026]<\/span><\/p>\n","protected":false},"featured_media":27349,"template":"","meta":[],"product_brand":[],"product_cat":[389,421],"product_tag":[],"class_list":{"0":"post-8913","1":"product","2":"type-product","3":"status-publish","4":"has-post-thumbnail","6":"product_cat-signalisation-industrielle-et-circulation-sur-site","7":"product_cat-poteaux-supports-bases-accessoires","8":"pa_unit-pcs","10":"first","11":"instock","12":"taxable","13":"shipping-taxable","14":"purchasable","15":"product-type-simple"},"_links":{"self":[{"href":"https:\/\/ezsecur.elsnerdev.com\/fr\/wp-json\/wp\/v2\/product\/8913","targetHints":{"allow":["GET"]}}],"collection":[{"href":"https:\/\/ezsecur.elsnerdev.com\/fr\/wp-json\/wp\/v2\/product"}],"about":[{"href":"https:\/\/ezsecur.elsnerdev.com\/fr\/wp-json\/wp\/v2\/types\/product"}],"wp:featuredmedia":[{"embeddable":true,"href":"https:\/\/ezsecur.elsnerdev.com\/fr\/wp-json\/wp\/v2\/media\/27349"}],"wp:attachment":[{"href":"https:\/\/ezsecur.elsnerdev.com\/fr\/wp-json\/wp\/v2\/media?parent=8913"}],"wp:term":[{"taxonomy":"product_brand","embeddable":true,"href":"https:\/\/ezsecur.elsnerdev.com\/fr\/wp-json\/wp\/v2\/product_brand?post=8913"},{"taxonomy":"product_cat","embeddable":true,"href":"https:\/\/ezsecur.elsnerdev.com\/fr\/wp-json\/wp\/v2\/product_cat?post=8913"},{"taxonomy":"product_tag","embeddable":true,"href":"https:\/\/ezsecur.elsnerdev.com\/fr\/wp-json\/wp\/v2\/product_tag?post=8913"}],"curies":[{"name":"wp","href":"https:\/\/api.w.org\/{rel}","templated":true}]}}