{"id":9048,"date":"2023-05-10T04:27:41","date_gmt":"2023-05-10T08:27:41","guid":{"rendered":"https:\/\/c55978fc42.nxcli.io\/?post_type=product&#038;p=9048"},"modified":"2026-03-03T01:19:58","modified_gmt":"2026-03-03T06:19:58","slug":"verrouillage-station-aluminium-0-125-peinture-cuite-jaune-48x31x12-standard","status":"publish","type":"product","link":"https:\/\/ezsecur.elsnerdev.com\/fr\/product\/verrouillage-station-aluminium-0-125-peinture-cuite-jaune-48x31x12-standard\/","title":{"rendered":"Verrouillage- Station &#8211; Aluminium 0.125 &#8211; Peinture cuite jaune &#8211; 60x31x12 &#8211; STANDARD"},"content":{"rendered":"<p>*** Fabriqu\u00e9 au Qu\u00e9bec ***<\/p>\n<p>Boitier en aluminium 0.125 d\u00e9coup\u00e9, pli\u00e9 rivet\u00e9, peinture cuite jaune, cap de s\u00e9curit\u00e9, tableau et bo\u00eetiers d&rsquo;isolation en PVC blanc, crochets de cadenas en acier galvanis\u00e9, crochets \u00e0 cl\u00e9, porte cl\u00e9s en acrylique sur les portes des boites d&rsquo;isolation, portes en acrylique 1\/4 avec penture \u00e0 fermeture forc\u00e9e en acier chrom\u00e9 et barrures, barrures en aluminium \u00e0 cadenas multiples pour les bo\u00eetiers d&rsquo;isolation, poign\u00e9es en acier chrom\u00e9, identifications en vinyle r\u00e9gulier imprim\u00e9 lamin\u00e9 glac\u00e9. Capacit\u00e9:<\/p>\n<p>&#8211; 30 cadenas noirs;<\/p>\n<p>&#8211; 8 s\u00e9ries de 5 cadenas rouges;<\/p>\n<p>&#8211; 10 s\u00e9ries de 10 cadenas rouges;<\/p>\n<p>&#8211; 4 s\u00e9ries de 15 cadenas rouges;<\/p>\n<p>&#8211; 3 s\u00e9ries de 20 cadenas rouges;<\/p>\n<p>&#8211; 1 boite d&rsquo;isolation avec 10 cadenas verts;<\/p>\n<p>&#8211; 1 boite d&rsquo;isolation avec 10 cadenas gris;<\/p>\n<p>&#8211; 1 boite d&rsquo;isolation avec 9 cadenas bleus.<\/p>\n<p>FABRICATION 1<\/p>\n","protected":false},"excerpt":{"rendered":"<p>*** Fabriqu\u00e9 au Qu\u00e9bec *** Boitier en aluminium 0.125 d\u00e9coup\u00e9, pli\u00e9 rivet\u00e9, peinture cuite jaune, cap de s\u00e9curit\u00e9, tableau et bo\u00eetiers d&rsquo;isolation en PVC blanc, crochets<span class=\"excerpt-hellip\"> [\u2026]<\/span><\/p>\n","protected":false},"featured_media":27366,"template":"","meta":[],"product_brand":[],"product_cat":[425,430],"product_tag":[],"class_list":{"0":"post-9048","1":"product","2":"type-product","3":"status-publish","4":"has-post-thumbnail","6":"product_cat-securite-machine-verrouillage-cadenassage","7":"product_cat-stations-de-verrouillage","8":"pa_organization-ezsecur","9":"pa_sku-std-ver-sta-60x31x12","10":"pa_unit-pcs","12":"first","13":"instock","14":"taxable","15":"shipping-taxable","16":"purchasable","17":"product-type-simple"},"_links":{"self":[{"href":"https:\/\/ezsecur.elsnerdev.com\/fr\/wp-json\/wp\/v2\/product\/9048","targetHints":{"allow":["GET"]}}],"collection":[{"href":"https:\/\/ezsecur.elsnerdev.com\/fr\/wp-json\/wp\/v2\/product"}],"about":[{"href":"https:\/\/ezsecur.elsnerdev.com\/fr\/wp-json\/wp\/v2\/types\/product"}],"wp:featuredmedia":[{"embeddable":true,"href":"https:\/\/ezsecur.elsnerdev.com\/fr\/wp-json\/wp\/v2\/media\/27366"}],"wp:attachment":[{"href":"https:\/\/ezsecur.elsnerdev.com\/fr\/wp-json\/wp\/v2\/media?parent=9048"}],"wp:term":[{"taxonomy":"product_brand","embeddable":true,"href":"https:\/\/ezsecur.elsnerdev.com\/fr\/wp-json\/wp\/v2\/product_brand?post=9048"},{"taxonomy":"product_cat","embeddable":true,"href":"https:\/\/ezsecur.elsnerdev.com\/fr\/wp-json\/wp\/v2\/product_cat?post=9048"},{"taxonomy":"product_tag","embeddable":true,"href":"https:\/\/ezsecur.elsnerdev.com\/fr\/wp-json\/wp\/v2\/product_tag?post=9048"}],"curies":[{"name":"wp","href":"https:\/\/api.w.org\/{rel}","templated":true}]}}