{"id":9075,"date":"2023-05-10T13:32:49","date_gmt":"2023-05-10T17:32:49","guid":{"rendered":"https:\/\/c55978fc42.nxcli.io\/?post_type=product&#038;p=9075"},"modified":"2026-03-03T01:20:01","modified_gmt":"2026-03-03T06:20:01","slug":"carnet-de-verification-visuelle-dequipement-mobile-pour-chariot-elevateur-mat-articule-4x9-standard-iz","status":"publish","type":"product","link":"https:\/\/ezsecur.elsnerdev.com\/fr\/product\/carnet-de-verification-visuelle-dequipement-mobile-pour-chariot-elevateur-mat-articule-4x9-standard-iz\/","title":{"rendered":"Carnet de v\u00e9rification visuelle d&rsquo;\u00e9quipement mobile pour chariot \u00e9l\u00e9vateur mat articul\u00e9 &#8211; 4&#215;9 &#8211; STANDARD IZ"},"content":{"rendered":"<p>*** Fabriqu\u00e9 au Qu\u00e9bec ***<\/p>\n<pre id=\"subvalue_PRODUCTCF11\" class=\"mL45 robotoRegular DV_textAreaLineClamp\" data-zcqa=\"value_Description - French\">Carnet d'inspection visuelle d'\u00e9quipement mobile pour chariot \u00e9l\u00e9vateur \u00e0 mat articul\u00e9, 4x9.\r\nCouvert en carton 12 points, impression couleur. Arri\u00e8re avec rabat dimension 4x17.\r\nInt\u00e9rieur 50 jeux de papier NCR 2, page blanche impression couleurs, page jaune impression noir et blanc.\r\nFond blanc, lettrage noir.\r\nV\u00c9RIFICATION D'\u00c9QUIPEMENTS MOBILES, CHARIOT \u00c9L\u00c9VATEUR.\r\nPrix unitaire pour un lot de 10.<\/pre>\n","protected":false},"excerpt":{"rendered":"<p>*** Fabriqu\u00e9 au Qu\u00e9bec *** Carnet d&rsquo;inspection visuelle d&rsquo;\u00e9quipement mobile pour chariot \u00e9l\u00e9vateur \u00e0 mat articul\u00e9, 4&#215;9. Couvert en carton 12 points, impression couleur. Arri\u00e8re avec<span class=\"excerpt-hellip\"> [\u2026]<\/span><\/p>\n","protected":false},"featured_media":27377,"template":"","meta":[],"product_brand":[],"product_cat":[446,462],"product_tag":[],"class_list":{"0":"post-9075","1":"product","2":"type-product","3":"status-publish","4":"has-post-thumbnail","6":"product_cat-amelioration-continue","7":"product_cat-etiquettes-didentification-carnets-de-bord-carnets-dinspection-formulaires","8":"pa_organization-ezsecur","9":"pa_sku-std-carn-insp-elev-art-50ncr2-4x9","10":"pa_unit-pc","12":"first","13":"instock","14":"taxable","15":"shipping-taxable","16":"purchasable","17":"product-type-simple"},"_links":{"self":[{"href":"https:\/\/ezsecur.elsnerdev.com\/fr\/wp-json\/wp\/v2\/product\/9075","targetHints":{"allow":["GET"]}}],"collection":[{"href":"https:\/\/ezsecur.elsnerdev.com\/fr\/wp-json\/wp\/v2\/product"}],"about":[{"href":"https:\/\/ezsecur.elsnerdev.com\/fr\/wp-json\/wp\/v2\/types\/product"}],"wp:featuredmedia":[{"embeddable":true,"href":"https:\/\/ezsecur.elsnerdev.com\/fr\/wp-json\/wp\/v2\/media\/27377"}],"wp:attachment":[{"href":"https:\/\/ezsecur.elsnerdev.com\/fr\/wp-json\/wp\/v2\/media?parent=9075"}],"wp:term":[{"taxonomy":"product_brand","embeddable":true,"href":"https:\/\/ezsecur.elsnerdev.com\/fr\/wp-json\/wp\/v2\/product_brand?post=9075"},{"taxonomy":"product_cat","embeddable":true,"href":"https:\/\/ezsecur.elsnerdev.com\/fr\/wp-json\/wp\/v2\/product_cat?post=9075"},{"taxonomy":"product_tag","embeddable":true,"href":"https:\/\/ezsecur.elsnerdev.com\/fr\/wp-json\/wp\/v2\/product_tag?post=9075"}],"curies":[{"name":"wp","href":"https:\/\/api.w.org\/{rel}","templated":true}]}}