{"id":9087,"date":"2023-05-10T13:43:00","date_gmt":"2023-05-10T17:43:00","guid":{"rendered":"https:\/\/c55978fc42.nxcli.io\/?post_type=product&#038;p=9087"},"modified":"2026-03-03T01:20:02","modified_gmt":"2026-03-03T06:20:02","slug":"porte-document-aluminium-8-5x14-standard","status":"publish","type":"product","link":"https:\/\/ezsecur.elsnerdev.com\/fr\/product\/porte-document-aluminium-8-5x14-standard\/","title":{"rendered":"Porte document &#8211; Aluminium &#8211; 8.5&#215;14 &#8211; STANDARD"},"content":{"rendered":"<p>*** Fabriqu\u00e9 au Qu\u00e9bec ***<\/p>\n<pre id=\"subvalue_PRODUCTCF11\" class=\"mL45 robotoRegular DV_textAreaLineClamp\" data-zcqa=\"value_Description - French\">Porte-formulaire en aluminium\r\npeut contenir plus de 30 formulaires\r\nfeuilles jusqu'\u00e0 8 1\/2 x 14<\/pre>\n","protected":false},"excerpt":{"rendered":"<p>*** Fabriqu\u00e9 au Qu\u00e9bec *** Porte-formulaire en aluminium peut contenir plus de 30 formulaires feuilles jusqu&rsquo;\u00e0 8 1\/2 x 14<\/p>\n","protected":false},"featured_media":27382,"template":"","meta":[],"product_brand":[],"product_cat":[446,454],"product_tag":[],"class_list":{"0":"post-9087","1":"product","2":"type-product","3":"status-publish","4":"has-post-thumbnail","6":"product_cat-amelioration-continue","7":"product_cat-tableaux-5s-silhouettes-boitiers-de-rangement","8":"pa_organization-ezsecur","9":"pa_sku-std-doc-8-5x14","10":"pa_unit-pcs","12":"first","13":"instock","14":"taxable","15":"shipping-taxable","16":"purchasable","17":"product-type-simple"},"_links":{"self":[{"href":"https:\/\/ezsecur.elsnerdev.com\/fr\/wp-json\/wp\/v2\/product\/9087","targetHints":{"allow":["GET"]}}],"collection":[{"href":"https:\/\/ezsecur.elsnerdev.com\/fr\/wp-json\/wp\/v2\/product"}],"about":[{"href":"https:\/\/ezsecur.elsnerdev.com\/fr\/wp-json\/wp\/v2\/types\/product"}],"wp:featuredmedia":[{"embeddable":true,"href":"https:\/\/ezsecur.elsnerdev.com\/fr\/wp-json\/wp\/v2\/media\/27382"}],"wp:attachment":[{"href":"https:\/\/ezsecur.elsnerdev.com\/fr\/wp-json\/wp\/v2\/media?parent=9087"}],"wp:term":[{"taxonomy":"product_brand","embeddable":true,"href":"https:\/\/ezsecur.elsnerdev.com\/fr\/wp-json\/wp\/v2\/product_brand?post=9087"},{"taxonomy":"product_cat","embeddable":true,"href":"https:\/\/ezsecur.elsnerdev.com\/fr\/wp-json\/wp\/v2\/product_cat?post=9087"},{"taxonomy":"product_tag","embeddable":true,"href":"https:\/\/ezsecur.elsnerdev.com\/fr\/wp-json\/wp\/v2\/product_tag?post=9087"}],"curies":[{"name":"wp","href":"https:\/\/api.w.org\/{rel}","templated":true}]}}