{"id":9109,"date":"2023-05-10T14:34:04","date_gmt":"2023-05-10T18:34:04","guid":{"rendered":"https:\/\/c55978fc42.nxcli.io\/?post_type=product&#038;p=9109"},"modified":"2026-03-03T01:20:05","modified_gmt":"2026-03-03T06:20:05","slug":"std-boitier-5s-16-outils-et-equipements-pvc-acrylique-et-crezon-41-5x51x12","status":"publish","type":"product","link":"https:\/\/ezsecur.elsnerdev.com\/fr\/product\/std-boitier-5s-16-outils-et-equipements-pvc-acrylique-et-crezon-41-5x51x12\/","title":{"rendered":"STD &#8211; Boitier 5S &#8211; 16 outils et \u00e9quipements &#8211; PVC, acrylique et crezon &#8211; 41.5x51x12"},"content":{"rendered":"<p>*** Fabriqu\u00e9 au Qu\u00e9bec ***<\/p>\n<p>Tableau de type boitier 5s incluant;<br \/>\n&#8211; Panneau en contreplaqu\u00e9 fini de type crezon 3\/4&Prime;:<br \/>\n-Cadre en PVC 1\/2 noir;<br \/>\n&#8211; 2 portes en acrylique clair 1\/4, avec 2 pentures fini chrom\u00e9 \u00e0 fermeture forc\u00e9e, 2 poign\u00e9es et barrure pour cadenas.<br \/>\nperforer dans le bas pour laisser passer la poussi\u00e8re;<br \/>\n&#8211; Fond et 15 silhouettes et identifications en vinyle Hi-Tack imprim\u00e9 lamin\u00e9 glac\u00e9,<br \/>\n&#8211; 15 supports pour 16 petits outils;<br \/>\n&#8211; 3 supports d&rsquo;installation de chargeurs avec trous pour passer le c\u00e2ble.<br \/>\n&#8211; 4 boites en aluminium:<br \/>\n1 boite: 5.5&#215;9.5&#215;5.5 avec 3 compartiments pour 3 paquets de tiges.<br \/>\n1 boite avec grillage au fond : 30x26x10 pour 2 coussins de protection.<br \/>\n1 boite 4x4x2 pour attache breaker.<br \/>\n1 boite 4&#215;1.5&#215;1.5 pour tige<br \/>\n&#8211; Kit d&rsquo;installation murale;<\/p>\n","protected":false},"excerpt":{"rendered":"<p>*** Fabriqu\u00e9 au Qu\u00e9bec *** Tableau de type boitier 5s incluant; &#8211; Panneau en contreplaqu\u00e9 fini de type crezon 3\/4&Prime;: -Cadre en PVC 1\/2 noir; &#8211;<span class=\"excerpt-hellip\"> [\u2026]<\/span><\/p>\n","protected":false},"featured_media":27391,"template":"","meta":[],"product_brand":[],"product_cat":[446,454],"product_tag":[],"class_list":{"0":"post-9109","1":"product","2":"type-product","3":"status-publish","4":"has-post-thumbnail","6":"product_cat-amelioration-continue","7":"product_cat-tableaux-5s-silhouettes-boitiers-de-rangement","8":"pa_organization-ezsecur","9":"pa_sku-std-5s-boi-16outils-41-5x51x12","10":"pa_unit-pcs","12":"first","13":"instock","14":"taxable","15":"shipping-taxable","16":"purchasable","17":"product-type-simple"},"_links":{"self":[{"href":"https:\/\/ezsecur.elsnerdev.com\/fr\/wp-json\/wp\/v2\/product\/9109","targetHints":{"allow":["GET"]}}],"collection":[{"href":"https:\/\/ezsecur.elsnerdev.com\/fr\/wp-json\/wp\/v2\/product"}],"about":[{"href":"https:\/\/ezsecur.elsnerdev.com\/fr\/wp-json\/wp\/v2\/types\/product"}],"wp:featuredmedia":[{"embeddable":true,"href":"https:\/\/ezsecur.elsnerdev.com\/fr\/wp-json\/wp\/v2\/media\/27391"}],"wp:attachment":[{"href":"https:\/\/ezsecur.elsnerdev.com\/fr\/wp-json\/wp\/v2\/media?parent=9109"}],"wp:term":[{"taxonomy":"product_brand","embeddable":true,"href":"https:\/\/ezsecur.elsnerdev.com\/fr\/wp-json\/wp\/v2\/product_brand?post=9109"},{"taxonomy":"product_cat","embeddable":true,"href":"https:\/\/ezsecur.elsnerdev.com\/fr\/wp-json\/wp\/v2\/product_cat?post=9109"},{"taxonomy":"product_tag","embeddable":true,"href":"https:\/\/ezsecur.elsnerdev.com\/fr\/wp-json\/wp\/v2\/product_tag?post=9109"}],"curies":[{"name":"wp","href":"https:\/\/api.w.org\/{rel}","templated":true}]}}