{"id":9151,"date":"2023-05-14T02:33:24","date_gmt":"2023-05-14T06:33:24","guid":{"rendered":"https:\/\/c55978fc42.nxcli.io\/?post_type=product&#038;p=9151"},"modified":"2026-03-03T01:20:08","modified_gmt":"2026-03-03T06:20:08","slug":"cadenassage-etiquette-papier-synthetique-8-mil-3x6-standard-iz","status":"publish","type":"product","link":"https:\/\/ezsecur.elsnerdev.com\/fr\/product\/cadenassage-etiquette-papier-synthetique-8-mil-3x6-standard-iz\/","title":{"rendered":"Cadenassage &#8211; \u00c9tiquette papier synth\u00e9tique 8 mil &#8211; 3&#215;6 &#8211; STANDARD IZ"},"content":{"rendered":"<p>*** Fabriqu\u00e9 au Qu\u00e9bec ***<\/p>\n<pre id=\"subvalue_PRODUCTCF11\" class=\"mL45 robotoRegular DV_textAreaLineClamp\" data-zcqa=\"value_Description - French\">\u00c9tiquette en papier synth\u00e9tique 8 mil, dimension 3\" x 6\". Impression couleur recto verso Perfor\u00e9 3\/4\" en haut au milieu, \u0153illet m\u00e9tallique. \r\nVISUEL:\r\nDANGER \u00c9TIQUETTE DE CADENASSAGE\r\nPrix pour un paquet de 20 pour une commande minimum 20 paquets de 20 \u00e9tiquettes.<\/pre>\n","protected":false},"excerpt":{"rendered":"<p>*** Fabriqu\u00e9 au Qu\u00e9bec *** \u00c9tiquette en papier synth\u00e9tique 8 mil, dimension 3&Prime; x 6&Prime;. Impression couleur recto verso Perfor\u00e9 3\/4&Prime; en haut au milieu, \u0153illet<span class=\"excerpt-hellip\"> [\u2026]<\/span><\/p>\n","protected":false},"featured_media":27399,"template":"","meta":[],"product_brand":[],"product_cat":[425,442],"product_tag":[],"class_list":{"0":"post-9151","1":"product","2":"type-product","3":"status-publish","4":"has-post-thumbnail","6":"product_cat-securite-machine-verrouillage-cadenassage","7":"product_cat-etiquettes-imprimerie-specialisee-en-cadenassage","8":"pa_organization-ezsecur","9":"pa_sku-std-etd-synt-8mil-3x6","10":"pa_unit-pqt","12":"first","13":"instock","14":"taxable","15":"shipping-taxable","16":"purchasable","17":"product-type-simple"},"_links":{"self":[{"href":"https:\/\/ezsecur.elsnerdev.com\/fr\/wp-json\/wp\/v2\/product\/9151","targetHints":{"allow":["GET"]}}],"collection":[{"href":"https:\/\/ezsecur.elsnerdev.com\/fr\/wp-json\/wp\/v2\/product"}],"about":[{"href":"https:\/\/ezsecur.elsnerdev.com\/fr\/wp-json\/wp\/v2\/types\/product"}],"wp:featuredmedia":[{"embeddable":true,"href":"https:\/\/ezsecur.elsnerdev.com\/fr\/wp-json\/wp\/v2\/media\/27399"}],"wp:attachment":[{"href":"https:\/\/ezsecur.elsnerdev.com\/fr\/wp-json\/wp\/v2\/media?parent=9151"}],"wp:term":[{"taxonomy":"product_brand","embeddable":true,"href":"https:\/\/ezsecur.elsnerdev.com\/fr\/wp-json\/wp\/v2\/product_brand?post=9151"},{"taxonomy":"product_cat","embeddable":true,"href":"https:\/\/ezsecur.elsnerdev.com\/fr\/wp-json\/wp\/v2\/product_cat?post=9151"},{"taxonomy":"product_tag","embeddable":true,"href":"https:\/\/ezsecur.elsnerdev.com\/fr\/wp-json\/wp\/v2\/product_tag?post=9151"}],"curies":[{"name":"wp","href":"https:\/\/api.w.org\/{rel}","templated":true}]}}