{"id":9281,"date":"2023-05-14T04:08:01","date_gmt":"2023-05-14T08:08:01","guid":{"rendered":"https:\/\/c55978fc42.nxcli.io\/?post_type=product&#038;p=9281"},"modified":"2026-03-03T01:20:19","modified_gmt":"2026-03-03T06:20:19","slug":"boitier-5s-en-acrylique-clair-pour-papeterie-10x15x1-5-standard-iz","status":"publish","type":"product","link":"https:\/\/ezsecur.elsnerdev.com\/fr\/product\/boitier-5s-en-acrylique-clair-pour-papeterie-10x15x1-5-standard-iz\/","title":{"rendered":"Boitier 5S en acrylique clair pour papeterie- 10x15x1.5 &#8211; STANDARD IZ"},"content":{"rendered":"<p>*** Fabriqu\u00e9 au Qu\u00e9bec ***<\/p>\n<p>Boitier mural pour rangement de papeterie 8.5&#215;11.<br \/>\nPlaque en acrylique claire 1\/4 9.5&#215;15, avec 4 perforations 1\/4 pour installation murale.<br \/>\nBoite 9.5&#215;12 en acrylique clair 1\/4, couvercle avec penture \u00e0 piano.<br \/>\nVinyle r\u00e9gulier lamin\u00e9 glac\u00e9, visuel \u00e0 confirmer.<\/p>\n","protected":false},"excerpt":{"rendered":"<p>*** Fabriqu\u00e9 au Qu\u00e9bec *** Boitier mural pour rangement de papeterie 8.5&#215;11. Plaque en acrylique claire 1\/4 9.5&#215;15, avec 4 perforations 1\/4 pour installation murale. Boite<span class=\"excerpt-hellip\"> [\u2026]<\/span><\/p>\n","protected":false},"featured_media":27422,"template":"","meta":[],"product_brand":[],"product_cat":[446,454],"product_tag":[],"class_list":{"0":"post-9281","1":"product","2":"type-product","3":"status-publish","4":"has-post-thumbnail","6":"product_cat-amelioration-continue","7":"product_cat-tableaux-5s-silhouettes-boitiers-de-rangement","8":"pa_organization-ezsecur","9":"pa_sku-std-5s-boi-pap-acr025-10x15x1-5","10":"pa_unit-pcs","12":"first","13":"instock","14":"taxable","15":"shipping-taxable","16":"purchasable","17":"product-type-simple"},"_links":{"self":[{"href":"https:\/\/ezsecur.elsnerdev.com\/fr\/wp-json\/wp\/v2\/product\/9281","targetHints":{"allow":["GET"]}}],"collection":[{"href":"https:\/\/ezsecur.elsnerdev.com\/fr\/wp-json\/wp\/v2\/product"}],"about":[{"href":"https:\/\/ezsecur.elsnerdev.com\/fr\/wp-json\/wp\/v2\/types\/product"}],"wp:featuredmedia":[{"embeddable":true,"href":"https:\/\/ezsecur.elsnerdev.com\/fr\/wp-json\/wp\/v2\/media\/27422"}],"wp:attachment":[{"href":"https:\/\/ezsecur.elsnerdev.com\/fr\/wp-json\/wp\/v2\/media?parent=9281"}],"wp:term":[{"taxonomy":"product_brand","embeddable":true,"href":"https:\/\/ezsecur.elsnerdev.com\/fr\/wp-json\/wp\/v2\/product_brand?post=9281"},{"taxonomy":"product_cat","embeddable":true,"href":"https:\/\/ezsecur.elsnerdev.com\/fr\/wp-json\/wp\/v2\/product_cat?post=9281"},{"taxonomy":"product_tag","embeddable":true,"href":"https:\/\/ezsecur.elsnerdev.com\/fr\/wp-json\/wp\/v2\/product_tag?post=9281"}],"curies":[{"name":"wp","href":"https:\/\/api.w.org\/{rel}","templated":true}]}}