{"id":9295,"date":"2023-05-14T04:13:38","date_gmt":"2023-05-14T08:13:38","guid":{"rendered":"https:\/\/c55978fc42.nxcli.io\/?post_type=product&#038;p=9295"},"modified":"2026-03-03T01:20:21","modified_gmt":"2026-03-03T06:20:21","slug":"boite-de-cadenassage-portative-19-75x15-5x5-375-standard-iz","status":"publish","type":"product","link":"https:\/\/ezsecur.elsnerdev.com\/fr\/product\/boite-de-cadenassage-portative-19-75x15-5x5-375-standard-iz\/","title":{"rendered":"Boite de cadenassage portative &#8211; 19.75&#215;15.5&#215;5.375 &#8211; STANDARD IZ"},"content":{"rendered":"<p>*** Fabriqu\u00e9 au Qu\u00e9bec ***<\/p>\n<p>Station de cadenassage mobile incluant;<br \/>\n&#8211; Valise en r\u00e9sine de polypropyl\u00e8ne heavy duty avec poign\u00e9e et deux barrures de verrouillage. Fen\u00eatre dimension 11 1\/2&Prime; x 8 1\/2&Prime; en polycarbonate transparent, avec compartiment pour feuille et visuel 5S Ethafoam.<br \/>\n-Compartimentation pour:<br \/>\n-7 cadenas et 1 cl\u00e9,<br \/>\n-20 scell\u00e9es,<br \/>\n-3 verrous pour disjoncteurs simples et 1 double,<br \/>\n-20 \u00e9tiquettes,<br \/>\n-3 moraillons,<br \/>\n-1 ganse et attache,<br \/>\n-1 valve lock, &#8211;<br \/>\n4 barrures \u00e0 c\u00e2bles avec espace pour 4 c\u00e2bles,<br \/>\n-1 espace pour 2 couvertures de vannes, -4 aimants puissants en dessous,<br \/>\n-1 ganse avec attache<br \/>\nVisuel en vinyle lamin\u00e9 glac\u00e9 sur le couvercle \u00e0 confirmer.<\/p>\n","protected":false},"excerpt":{"rendered":"<p>*** Fabriqu\u00e9 au Qu\u00e9bec *** Station de cadenassage mobile incluant; &#8211; Valise en r\u00e9sine de polypropyl\u00e8ne heavy duty avec poign\u00e9e et deux barrures de verrouillage. Fen\u00eatre<span class=\"excerpt-hellip\"> [\u2026]<\/span><\/p>\n","protected":false},"featured_media":27428,"template":"","meta":[],"product_brand":[],"product_cat":[425,434],"product_tag":[],"class_list":{"0":"post-9295","1":"product","2":"type-product","3":"status-publish","4":"has-post-thumbnail","6":"product_cat-securite-machine-verrouillage-cadenassage","7":"product_cat-boites-de-cadenassage","8":"pa_organization-ezsecur","9":"pa_sku-std-boit-cadena-port-19-75x15-5x5-375","10":"pa_unit-pcs","12":"first","13":"instock","14":"taxable","15":"shipping-taxable","16":"purchasable","17":"product-type-simple"},"_links":{"self":[{"href":"https:\/\/ezsecur.elsnerdev.com\/fr\/wp-json\/wp\/v2\/product\/9295","targetHints":{"allow":["GET"]}}],"collection":[{"href":"https:\/\/ezsecur.elsnerdev.com\/fr\/wp-json\/wp\/v2\/product"}],"about":[{"href":"https:\/\/ezsecur.elsnerdev.com\/fr\/wp-json\/wp\/v2\/types\/product"}],"wp:featuredmedia":[{"embeddable":true,"href":"https:\/\/ezsecur.elsnerdev.com\/fr\/wp-json\/wp\/v2\/media\/27428"}],"wp:attachment":[{"href":"https:\/\/ezsecur.elsnerdev.com\/fr\/wp-json\/wp\/v2\/media?parent=9295"}],"wp:term":[{"taxonomy":"product_brand","embeddable":true,"href":"https:\/\/ezsecur.elsnerdev.com\/fr\/wp-json\/wp\/v2\/product_brand?post=9295"},{"taxonomy":"product_cat","embeddable":true,"href":"https:\/\/ezsecur.elsnerdev.com\/fr\/wp-json\/wp\/v2\/product_cat?post=9295"},{"taxonomy":"product_tag","embeddable":true,"href":"https:\/\/ezsecur.elsnerdev.com\/fr\/wp-json\/wp\/v2\/product_tag?post=9295"}],"curies":[{"name":"wp","href":"https:\/\/api.w.org\/{rel}","templated":true}]}}