{"id":9304,"date":"2023-05-14T04:20:28","date_gmt":"2023-05-14T08:20:28","guid":{"rendered":"https:\/\/c55978fc42.nxcli.io\/?post_type=product&#038;p=9304"},"modified":"2026-03-03T01:20:22","modified_gmt":"2026-03-03T06:20:22","slug":"module-de-limitation-de-hauteur-rotatif-aluminium-144x150-standard-iz","status":"publish","type":"product","link":"https:\/\/ezsecur.elsnerdev.com\/fr\/product\/module-de-limitation-de-hauteur-rotatif-aluminium-144x150-standard-iz\/","title":{"rendered":"Module de limitation de hauteur rotatif &#8211; Aluminium &#8211; 144&#215;150 &#8211; STANDARD IZ"},"content":{"rendered":"<p>*** Fabriqu\u00e9 au Qu\u00e9bec ***<\/p>\n<p>Module de limitateur de hauteur de camion \u00e0 109.5\u00a0\u00bb de hauteur et 144\u00a0\u00bb de largeur, rotatif, s&rsquo;installant sur une grosse base de b\u00e9ton modifi\u00e9e avec ajout d&rsquo;un manchon en acier de 8pi SKU: STD-BAS-BET-3500 (non inclus), pour une hauteur totale de 198po , incluant:<br \/>\n&#8211; Un poteau en aluminium dia 4\u00a0\u00bb x .125\u00a0\u00bb de 150po de hauteur;<br \/>\n&#8211; Poteau en acier de dia 3.5\u00a0\u00bb et 150\u00a0\u00bb de long avec roulement \u00e0 bille et collet en t\u00e9flon pour rotation du poteau en aluminium;<br \/>\n&#8211; Barre de man\u0153uvre syst\u00e8me magn\u00e9tique de positionnement et d&rsquo;arr\u00eat;<br \/>\n&#8211; Potence rectangulaire en aluminium 4&#215;1 de 144\u00a0\u00bb de long, soud\u00e9e sur poteau en aluminium, avec porte-\u00e0-faux de 120\u00a0\u00bb et 24\u00a0\u00bb pour contrepoids;<br \/>\n&#8211; Barre de limitation de hauteur en aluminium dia 3\u00a0\u00bb et 120\u00a0\u00bb de long avec visuel blanc et rouge en vinyle ultra r\u00e9flectif assembl\u00e9 par 2 cha\u00eenettes sous la potence;<\/p>\n","protected":false},"excerpt":{"rendered":"<p>*** Fabriqu\u00e9 au Qu\u00e9bec *** Module de limitateur de hauteur de camion \u00e0 109.5\u00a0\u00bb de hauteur et 144\u00a0\u00bb de largeur, rotatif, s&rsquo;installant sur une grosse base<span class=\"excerpt-hellip\"> [\u2026]<\/span><\/p>\n","protected":false},"featured_media":27431,"template":"","meta":[],"product_brand":[],"product_cat":[389,391],"product_tag":[],"class_list":{"0":"post-9304","1":"product","2":"type-product","3":"status-publish","4":"has-post-thumbnail","6":"product_cat-signalisation-industrielle-et-circulation-sur-site","7":"product_cat-signalisation-dynamique-activee-a-distance-alimentation-solaire","8":"pa_organization-ezsecur","9":"pa_sku-std-hautrot-144x150","10":"pa_unit-pcs","12":"first","13":"instock","14":"taxable","15":"shipping-taxable","16":"purchasable","17":"product-type-simple"},"_links":{"self":[{"href":"https:\/\/ezsecur.elsnerdev.com\/fr\/wp-json\/wp\/v2\/product\/9304","targetHints":{"allow":["GET"]}}],"collection":[{"href":"https:\/\/ezsecur.elsnerdev.com\/fr\/wp-json\/wp\/v2\/product"}],"about":[{"href":"https:\/\/ezsecur.elsnerdev.com\/fr\/wp-json\/wp\/v2\/types\/product"}],"wp:featuredmedia":[{"embeddable":true,"href":"https:\/\/ezsecur.elsnerdev.com\/fr\/wp-json\/wp\/v2\/media\/27431"}],"wp:attachment":[{"href":"https:\/\/ezsecur.elsnerdev.com\/fr\/wp-json\/wp\/v2\/media?parent=9304"}],"wp:term":[{"taxonomy":"product_brand","embeddable":true,"href":"https:\/\/ezsecur.elsnerdev.com\/fr\/wp-json\/wp\/v2\/product_brand?post=9304"},{"taxonomy":"product_cat","embeddable":true,"href":"https:\/\/ezsecur.elsnerdev.com\/fr\/wp-json\/wp\/v2\/product_cat?post=9304"},{"taxonomy":"product_tag","embeddable":true,"href":"https:\/\/ezsecur.elsnerdev.com\/fr\/wp-json\/wp\/v2\/product_tag?post=9304"}],"curies":[{"name":"wp","href":"https:\/\/api.w.org\/{rel}","templated":true}]}}