{"id":9334,"date":"2023-05-14T04:45:55","date_gmt":"2023-05-14T08:45:55","guid":{"rendered":"https:\/\/c55978fc42.nxcli.io\/?post_type=product&#038;p=9334"},"modified":"2026-03-03T01:20:24","modified_gmt":"2026-03-03T06:20:24","slug":"anticollision-miroir-demi-dome-24-exterieur-avec-toit-de-protection-gyrophare-1x-detecteur-douverture-de-porte-standard-iz","status":"publish","type":"product","link":"https:\/\/ezsecur.elsnerdev.com\/fr\/product\/anticollision-miroir-demi-dome-24-exterieur-avec-toit-de-protection-gyrophare-1x-detecteur-douverture-de-porte-standard-iz\/","title":{"rendered":"Anticollision &#8211; Miroir demi-d\u00f4me 24&Prime; ext\u00e9rieur avec toit de protection &#8211; Gyrophare &#8211; 1x d\u00e9tecteur d&rsquo;ouverture de porte &#8211; STANDARD IZ"},"content":{"rendered":"<p>*** Fabriqu\u00e9 au Qu\u00e9bec ***<\/p>\n<pre id=\"subvalue_PRODUCTCF11\" class=\"mL45 robotoRegular DV_textAreaLineClamp\" data-zcqa=\"value_Description - French\">Kit anticollision pour l'ext\u00e9rieur incluant: \r\n  - Un toit en aluminium 0.080 36x24x11.75. \r\n  - 1x miroir en demi-d\u00f4me dia 24\" en polycarbonate. \r\n  - 1 balise rotative orange.\r\n  - Boitier de jonction IP66\r\n  - 1 d\u00e9tecteur de porte avec contact magn\u00e9tique d'ouverture p\u00e9rim\u00e9trique.\r\n  - Alimentation 120VAC.<\/pre>\n","protected":false},"excerpt":{"rendered":"<p>*** Fabriqu\u00e9 au Qu\u00e9bec *** Kit anticollision pour l&rsquo;ext\u00e9rieur incluant: &#8211; Un toit en aluminium 0.080 36x24x11.75. &#8211; 1x miroir en demi-d\u00f4me dia 24&Prime; en polycarbonate.<span class=\"excerpt-hellip\"> [\u2026]<\/span><\/p>\n","protected":false},"featured_media":27436,"template":"","meta":[],"product_brand":[],"product_cat":[389,397],"product_tag":[],"class_list":{"0":"post-9334","1":"product","2":"type-product","3":"status-publish","4":"has-post-thumbnail","6":"product_cat-signalisation-industrielle-et-circulation-sur-site","7":"product_cat-systemes-anti-collision","8":"pa_organization-ezsecur","9":"pa_sku-std-anticol-mir24-ext-gyro-1det","10":"pa_unit-pcs","12":"first","13":"instock","14":"taxable","15":"shipping-taxable","16":"purchasable","17":"product-type-simple"},"_links":{"self":[{"href":"https:\/\/ezsecur.elsnerdev.com\/fr\/wp-json\/wp\/v2\/product\/9334","targetHints":{"allow":["GET"]}}],"collection":[{"href":"https:\/\/ezsecur.elsnerdev.com\/fr\/wp-json\/wp\/v2\/product"}],"about":[{"href":"https:\/\/ezsecur.elsnerdev.com\/fr\/wp-json\/wp\/v2\/types\/product"}],"wp:featuredmedia":[{"embeddable":true,"href":"https:\/\/ezsecur.elsnerdev.com\/fr\/wp-json\/wp\/v2\/media\/27436"}],"wp:attachment":[{"href":"https:\/\/ezsecur.elsnerdev.com\/fr\/wp-json\/wp\/v2\/media?parent=9334"}],"wp:term":[{"taxonomy":"product_brand","embeddable":true,"href":"https:\/\/ezsecur.elsnerdev.com\/fr\/wp-json\/wp\/v2\/product_brand?post=9334"},{"taxonomy":"product_cat","embeddable":true,"href":"https:\/\/ezsecur.elsnerdev.com\/fr\/wp-json\/wp\/v2\/product_cat?post=9334"},{"taxonomy":"product_tag","embeddable":true,"href":"https:\/\/ezsecur.elsnerdev.com\/fr\/wp-json\/wp\/v2\/product_tag?post=9334"}],"curies":[{"name":"wp","href":"https:\/\/api.w.org\/{rel}","templated":true}]}}