{"id":9356,"date":"2023-05-14T05:00:33","date_gmt":"2023-05-14T09:00:33","guid":{"rendered":"https:\/\/c55978fc42.nxcli.io\/?post_type=product&#038;p=9356"},"modified":"2026-03-03T01:20:26","modified_gmt":"2026-03-03T06:20:26","slug":"anticollision-gyrophare-3x-detecteurs-de-mouvement-standard-iz","status":"publish","type":"product","link":"https:\/\/ezsecur.elsnerdev.com\/fr\/product\/anticollision-gyrophare-3x-detecteurs-de-mouvement-standard-iz\/","title":{"rendered":"Anticollision &#8211; Gyrophare &#8211; 3x d\u00e9tecteurs de mouvement &#8211; STANDARD IZ"},"content":{"rendered":"<p>*** Fabriqu\u00e9 au Qu\u00e9bec ***<\/p>\n<p>Kit anticollision incluant:<\/p>\n<p>&#8211; Base de support en crezon 3\/4 20&#215;20.<\/p>\n<p>-1 balise rotative orange dia 5.25p hauteur 5.25p.<\/p>\n<p>&#8211; 3 d\u00e9tecteurs de mouvement Heavy Duty, PIR et Microwave, d\u00e9tection r\u00e9glable jusqu&rsquo;\u00e0 135 pieds.<\/p>\n<p>&#8211; Alimentation 120VAC.<\/p>\n<p>&#8211; Relai temporel. &#8211; Boite de jonction 7&#215;7.<\/p>\n<p>-Kit d&rsquo;installation incluant 1 manchon NPT 1p de diam\u00e8tre et 12p de longueur, 2 brides d&rsquo;installation sur boitier et plafond ( tubes additionnels NPT pour votre hauteur de plafond) non inclus) , 4 chainettes avec crochets.<\/p>\n<p>Fonctionnement: Gyrophare activ\u00e9 d\u00e8s 1x d\u00e9tection, se d\u00e9sactive apr\u00e8s 10 seconde d&rsquo;inactivit\u00e9 suivant la derni\u00e8re d\u00e9tection.<\/p>\n","protected":false},"excerpt":{"rendered":"<p>*** Fabriqu\u00e9 au Qu\u00e9bec *** Kit anticollision incluant: &#8211; Base de support en crezon 3\/4 20&#215;20. -1 balise rotative orange dia 5.25p hauteur 5.25p. &#8211; 3<span class=\"excerpt-hellip\"> [\u2026]<\/span><\/p>\n","protected":false},"featured_media":27442,"template":"","meta":[],"product_brand":[],"product_cat":[389,397],"product_tag":[],"class_list":{"0":"post-9356","1":"product","2":"type-product","3":"status-publish","4":"has-post-thumbnail","6":"product_cat-signalisation-industrielle-et-circulation-sur-site","7":"product_cat-systemes-anti-collision","8":"pa_organization-ezsecur","9":"pa_sku-std-anticol-gyro-3det","10":"pa_unit-pcs","12":"first","13":"instock","14":"taxable","15":"shipping-taxable","16":"purchasable","17":"product-type-simple"},"_links":{"self":[{"href":"https:\/\/ezsecur.elsnerdev.com\/fr\/wp-json\/wp\/v2\/product\/9356","targetHints":{"allow":["GET"]}}],"collection":[{"href":"https:\/\/ezsecur.elsnerdev.com\/fr\/wp-json\/wp\/v2\/product"}],"about":[{"href":"https:\/\/ezsecur.elsnerdev.com\/fr\/wp-json\/wp\/v2\/types\/product"}],"wp:featuredmedia":[{"embeddable":true,"href":"https:\/\/ezsecur.elsnerdev.com\/fr\/wp-json\/wp\/v2\/media\/27442"}],"wp:attachment":[{"href":"https:\/\/ezsecur.elsnerdev.com\/fr\/wp-json\/wp\/v2\/media?parent=9356"}],"wp:term":[{"taxonomy":"product_brand","embeddable":true,"href":"https:\/\/ezsecur.elsnerdev.com\/fr\/wp-json\/wp\/v2\/product_brand?post=9356"},{"taxonomy":"product_cat","embeddable":true,"href":"https:\/\/ezsecur.elsnerdev.com\/fr\/wp-json\/wp\/v2\/product_cat?post=9356"},{"taxonomy":"product_tag","embeddable":true,"href":"https:\/\/ezsecur.elsnerdev.com\/fr\/wp-json\/wp\/v2\/product_tag?post=9356"}],"curies":[{"name":"wp","href":"https:\/\/api.w.org\/{rel}","templated":true}]}}