{"id":9376,"date":"2023-09-19T08:00:51","date_gmt":"2023-09-19T12:00:51","guid":{"rendered":"https:\/\/c55978fc42.nxcli.io\/?post_type=product&#038;p=9376"},"modified":"2026-03-03T01:20:29","modified_gmt":"2026-03-03T06:20:29","slug":"armoire-cadenassable-murale-pour-badge-aluminium-0-064-et-pvc-1-2-44x46-75x3-standard-iz","status":"publish","type":"product","link":"https:\/\/ezsecur.elsnerdev.com\/fr\/product\/armoire-cadenassable-murale-pour-badge-aluminium-0-064-et-pvc-1-2-44x46-75x3-standard-iz\/","title":{"rendered":"Armoire cadenassable murale pour badge &#8211; Aluminium 0.064 et PVC 1\/2 &#8211; 44&#215;46.75&#215;3 &#8211; STANDARD IZ"},"content":{"rendered":"<p>*** Fabriqu\u00e9 au Qu\u00e9bec ***<\/p>\n<p>Armoire de verrouillage murale pour 56 badges, avec ouverture de s\u00e9curit\u00e9 du panneau avant, incluant:<br \/>\nBase murale de boitier avec cadre en angle aluminium 0.125x1x1 peinture jaune et fond en crezon 1\/2 et kit d&rsquo;installation murale.<br \/>\nPartie basculante sur penture et verrouillable incluant:<br \/>\n&#8211; Cadre en aluminium 0.064 peinture jaune;<br \/>\n&#8211; Penture, poign\u00e9e et barrure pour partie basculante.<br \/>\n&#8211; Fond et 56 compartiments en PVC blanc 1\/2&Prime;, dimension 6&#215;5;<br \/>\n&#8211; 56 crochets pour accrocher les badges;<br \/>\n&#8211; 56 portes en acrylique 3\/16&Prime;avec poign\u00e9e et syst\u00e8me de verrouillage pour cadenas.<\/p>\n","protected":false},"excerpt":{"rendered":"<p>*** Fabriqu\u00e9 au Qu\u00e9bec *** Armoire de verrouillage murale pour 56 badges, avec ouverture de s\u00e9curit\u00e9 du panneau avant, incluant: Base murale de boitier avec cadre<span class=\"excerpt-hellip\"> [\u2026]<\/span><\/p>\n","protected":false},"featured_media":27450,"template":"","meta":[],"product_brand":[],"product_cat":[425,430],"product_tag":[],"class_list":{"0":"post-9376","1":"product","2":"type-product","3":"status-publish","4":"has-post-thumbnail","6":"product_cat-securite-machine-verrouillage-cadenassage","7":"product_cat-stations-de-verrouillage","8":"pa_organization-ezsecur","9":"pa_sku-std-arm-badge-cad-064-44x46-75x3","10":"pa_unit-pcs","12":"first","13":"instock","14":"taxable","15":"shipping-taxable","16":"purchasable","17":"product-type-simple"},"_links":{"self":[{"href":"https:\/\/ezsecur.elsnerdev.com\/fr\/wp-json\/wp\/v2\/product\/9376","targetHints":{"allow":["GET"]}}],"collection":[{"href":"https:\/\/ezsecur.elsnerdev.com\/fr\/wp-json\/wp\/v2\/product"}],"about":[{"href":"https:\/\/ezsecur.elsnerdev.com\/fr\/wp-json\/wp\/v2\/types\/product"}],"wp:featuredmedia":[{"embeddable":true,"href":"https:\/\/ezsecur.elsnerdev.com\/fr\/wp-json\/wp\/v2\/media\/27450"}],"wp:attachment":[{"href":"https:\/\/ezsecur.elsnerdev.com\/fr\/wp-json\/wp\/v2\/media?parent=9376"}],"wp:term":[{"taxonomy":"product_brand","embeddable":true,"href":"https:\/\/ezsecur.elsnerdev.com\/fr\/wp-json\/wp\/v2\/product_brand?post=9376"},{"taxonomy":"product_cat","embeddable":true,"href":"https:\/\/ezsecur.elsnerdev.com\/fr\/wp-json\/wp\/v2\/product_cat?post=9376"},{"taxonomy":"product_tag","embeddable":true,"href":"https:\/\/ezsecur.elsnerdev.com\/fr\/wp-json\/wp\/v2\/product_tag?post=9376"}],"curies":[{"name":"wp","href":"https:\/\/api.w.org\/{rel}","templated":true}]}}