{"id":9412,"date":"2023-05-14T05:55:25","date_gmt":"2023-05-14T09:55:25","guid":{"rendered":"https:\/\/c55978fc42.nxcli.io\/?post_type=product&#038;p=9412"},"modified":"2026-03-03T01:20:36","modified_gmt":"2026-03-03T06:20:36","slug":"verrouillage-boitier-mural-detachable-pour-serrure-de-type-ketch-aluminium-0-125-et-pvc-0-50-peinture-email-bleue-9x9x4-875-standard-iz","status":"publish","type":"product","link":"https:\/\/ezsecur.elsnerdev.com\/fr\/product\/verrouillage-boitier-mural-detachable-pour-serrure-de-type-ketch-aluminium-0-125-et-pvc-0-50-peinture-email-bleue-9x9x4-875-standard-iz\/","title":{"rendered":"Verrouillage &#8211; Boitier mural d\u00e9tachable pour serrure de type ketch &#8211; Aluminium 0.125 et PVC 0.50 &#8211; Peinture \u00e9mail bleue &#8211; 9x9x4.875 &#8211; STANDARD IZ"},"content":{"rendered":"<p>*** Fabriqu\u00e9 au Qu\u00e9bec ***<\/p>\n<p>Bo\u00eete de verrouillage d\u00e9tachable pour serrure de type Ketch \u00e0 3 cl\u00e9s, comprenant:<\/p>\n<p>-Une plaque d&rsquo;installation murale en aluminium 1\/8x9x9, 4 trous 1\/4 aux coins, peinture bleu \u00e9mail.<\/p>\n<p>-Un boitier en pvc 1\/2 peinture bleu \u00e9mail, dimensions 6.25&#215;6.25&#215;4.5.<\/p>\n<p>-Une porte en acrylique 1\/4 avec 2x pentures chrom\u00e9es, une plaque barrure multi cadenas en aluminium 1\/4 et un angle en aluminium pour barrure de ketch 1\/8x2x2x7 1\/8.<\/p>\n<p>-Un support en aluminium 1\/8x2x2x5 3\/8 pour serrure de type Ketch \u00e0 3 cl\u00e9s.<\/p>\n<p>-\u00c9tiquette d&rsquo;identification en lamico\u00efde 1\/16x6x1\/2.<\/p>\n<p>-1x Wire-lock pin -Exclus: STD-KETCH-3CLE (Serrure de type Ketch Kirk 3 cl\u00e9s )<\/p>\n","protected":false},"excerpt":{"rendered":"<p>*** Fabriqu\u00e9 au Qu\u00e9bec *** Bo\u00eete de verrouillage d\u00e9tachable pour serrure de type Ketch \u00e0 3 cl\u00e9s, comprenant: -Une plaque d&rsquo;installation murale en aluminium 1\/8x9x9, 4<span class=\"excerpt-hellip\"> [\u2026]<\/span><\/p>\n","protected":false},"featured_media":27461,"template":"","meta":[],"product_brand":[],"product_cat":[425,434],"product_tag":[],"class_list":{"0":"post-9412","1":"product","2":"type-product","3":"status-publish","4":"has-post-thumbnail","6":"product_cat-securite-machine-verrouillage-cadenassage","7":"product_cat-boites-de-cadenassage","8":"pa_organization-ezsecur","9":"pa_sku-std-ver-boi-deta-ketch-9x9x4-875","10":"pa_unit-pcs","12":"first","13":"instock","14":"taxable","15":"shipping-taxable","16":"purchasable","17":"product-type-simple"},"_links":{"self":[{"href":"https:\/\/ezsecur.elsnerdev.com\/fr\/wp-json\/wp\/v2\/product\/9412","targetHints":{"allow":["GET"]}}],"collection":[{"href":"https:\/\/ezsecur.elsnerdev.com\/fr\/wp-json\/wp\/v2\/product"}],"about":[{"href":"https:\/\/ezsecur.elsnerdev.com\/fr\/wp-json\/wp\/v2\/types\/product"}],"wp:featuredmedia":[{"embeddable":true,"href":"https:\/\/ezsecur.elsnerdev.com\/fr\/wp-json\/wp\/v2\/media\/27461"}],"wp:attachment":[{"href":"https:\/\/ezsecur.elsnerdev.com\/fr\/wp-json\/wp\/v2\/media?parent=9412"}],"wp:term":[{"taxonomy":"product_brand","embeddable":true,"href":"https:\/\/ezsecur.elsnerdev.com\/fr\/wp-json\/wp\/v2\/product_brand?post=9412"},{"taxonomy":"product_cat","embeddable":true,"href":"https:\/\/ezsecur.elsnerdev.com\/fr\/wp-json\/wp\/v2\/product_cat?post=9412"},{"taxonomy":"product_tag","embeddable":true,"href":"https:\/\/ezsecur.elsnerdev.com\/fr\/wp-json\/wp\/v2\/product_tag?post=9412"}],"curies":[{"name":"wp","href":"https:\/\/api.w.org\/{rel}","templated":true}]}}