{"id":9447,"date":"2023-05-14T06:05:26","date_gmt":"2023-05-14T10:05:26","guid":{"rendered":"https:\/\/c55978fc42.nxcli.io\/?post_type=product&#038;p=9447"},"modified":"2026-03-03T01:20:40","modified_gmt":"2026-03-03T06:20:40","slug":"armoire-murale-de-rangement-pour-4-masques-chimiques-etanche-a-la-poussiere-crezon-et-pvc-24x36x8-standard-iz","status":"publish","type":"product","link":"https:\/\/ezsecur.elsnerdev.com\/fr\/product\/armoire-murale-de-rangement-pour-4-masques-chimiques-etanche-a-la-poussiere-crezon-et-pvc-24x36x8-standard-iz\/","title":{"rendered":"Armoire murale de rangement pour 4 masques chimiques &#8211; \u00c9tanche \u00e0 la poussi\u00e8re &#8211; Crezon et Pvc &#8211; 24x36x8 &#8211; STANDARD IZ"},"content":{"rendered":"<p>*** Fabriqu\u00e9 au Qu\u00e9bec ***<\/p>\n<p>Contreplaqu\u00e9 fini type crezon 3\/4&Prime;, fond, silhouettes et identifications en vinyle Hi-Tack imprim\u00e9 lamin\u00e9 glac\u00e9.<\/p>\n<p>4 crochets pour rangement des masques.<\/p>\n<p>Boitier en Pvc 1\/2 noir avec porte en acrylique clair 1\/4, penture en acier fini inox \u00e0 fermeture forc\u00e9e, poign\u00e9e, feutre d&rsquo;\u00e9tanch\u00e9it\u00e9 \u00e0 la poussi\u00e8re Kit d&rsquo;installation murale.<\/p>\n","protected":false},"excerpt":{"rendered":"<p>*** Fabriqu\u00e9 au Qu\u00e9bec *** Contreplaqu\u00e9 fini type crezon 3\/4&Prime;, fond, silhouettes et identifications en vinyle Hi-Tack imprim\u00e9 lamin\u00e9 glac\u00e9. 4 crochets pour rangement des masques.<span class=\"excerpt-hellip\"> [\u2026]<\/span><\/p>\n","protected":false},"featured_media":27477,"template":"","meta":[],"product_brand":[],"product_cat":[446,454],"product_tag":[],"class_list":{"0":"post-9447","1":"product","2":"type-product","3":"status-publish","4":"has-post-thumbnail","6":"product_cat-amelioration-continue","7":"product_cat-tableaux-5s-silhouettes-boitiers-de-rangement","8":"pa_organization-ezsecur","9":"pa_sku-std-5s-boi-masq-24x36x8","10":"pa_unit-pcs","12":"first","13":"instock","14":"taxable","15":"shipping-taxable","16":"purchasable","17":"product-type-simple"},"_links":{"self":[{"href":"https:\/\/ezsecur.elsnerdev.com\/fr\/wp-json\/wp\/v2\/product\/9447","targetHints":{"allow":["GET"]}}],"collection":[{"href":"https:\/\/ezsecur.elsnerdev.com\/fr\/wp-json\/wp\/v2\/product"}],"about":[{"href":"https:\/\/ezsecur.elsnerdev.com\/fr\/wp-json\/wp\/v2\/types\/product"}],"wp:featuredmedia":[{"embeddable":true,"href":"https:\/\/ezsecur.elsnerdev.com\/fr\/wp-json\/wp\/v2\/media\/27477"}],"wp:attachment":[{"href":"https:\/\/ezsecur.elsnerdev.com\/fr\/wp-json\/wp\/v2\/media?parent=9447"}],"wp:term":[{"taxonomy":"product_brand","embeddable":true,"href":"https:\/\/ezsecur.elsnerdev.com\/fr\/wp-json\/wp\/v2\/product_brand?post=9447"},{"taxonomy":"product_cat","embeddable":true,"href":"https:\/\/ezsecur.elsnerdev.com\/fr\/wp-json\/wp\/v2\/product_cat?post=9447"},{"taxonomy":"product_tag","embeddable":true,"href":"https:\/\/ezsecur.elsnerdev.com\/fr\/wp-json\/wp\/v2\/product_tag?post=9447"}],"curies":[{"name":"wp","href":"https:\/\/api.w.org\/{rel}","templated":true}]}}