{"id":9459,"date":"2023-09-19T07:48:37","date_gmt":"2023-09-19T11:48:37","guid":{"rendered":"https:\/\/c55978fc42.nxcli.io\/?post_type=product&#038;p=9459"},"modified":"2026-03-03T01:20:41","modified_gmt":"2026-03-03T06:20:41","slug":"tableau-de-bord-magnetique-recto-verso-sur-cadre-basculant-fini-porcelaine-cadre-en-acier-moulure-en-aluminium-anodise-72x48-standard-iz","status":"publish","type":"product","link":"https:\/\/ezsecur.elsnerdev.com\/fr\/product\/tableau-de-bord-magnetique-recto-verso-sur-cadre-basculant-fini-porcelaine-cadre-en-acier-moulure-en-aluminium-anodise-72x48-standard-iz\/","title":{"rendered":"Tableau de bord magn\u00e9tique recto verso sur cadre basculant &#8211; Fini porcelaine &#8211; Cadre en acier &#8211; Moulure en aluminium anodis\u00e9 &#8211; 72&#215;48 &#8211; STANDARD IZ"},"content":{"rendered":"<p>*** Fabriqu\u00e9 au Qu\u00e9bec ***<\/p>\n<p>Tableau de bord fini porcelaine, reco verso, basculant, sur cadre en acier peinture cuite et roulettes, incluant:<\/p>\n<p>Verso blanc vide. Recto:<\/p>\n<p>&#8211; Visuel sur vinyle r\u00e9gulier d\u00e9coup\u00e9<\/p>\n<p>&#8211; 96 crochets pour \u00e9tiquettes<\/p>\n<p>&#8211; 8x supports a feuille 9&Prime;<\/p>\n<p>&#8211; 2x pigeonniers 14 1\/2&Prime; x 6 1\/2&Prime; x 3&Prime;<\/p>\n<p>&#8211; 4x pigeonniers 8&Prime; x 3&Prime; x 2&Prime; en PVC<\/p>\n<p>&#8211; Tablette en acier inoxydable 18Ga, dimension 40&Prime; x 12&Prime; x 3&Prime;<\/p>\n<p>&#8211; Identifications et logos sur mesure.<\/p>\n","protected":false},"excerpt":{"rendered":"<p>*** Fabriqu\u00e9 au Qu\u00e9bec *** Tableau de bord fini porcelaine, reco verso, basculant, sur cadre en acier peinture cuite et roulettes, incluant: Verso blanc vide. Recto:<span class=\"excerpt-hellip\"> [\u2026]<\/span><\/p>\n","protected":false},"featured_media":27482,"template":"","meta":[],"product_brand":[],"product_cat":[446,450],"product_tag":[],"class_list":{"0":"post-9459","1":"product","2":"type-product","3":"status-publish","4":"has-post-thumbnail","6":"product_cat-amelioration-continue","7":"product_cat-tableaux-de-bord-et-accessoires","8":"pa_organization-ezsecur","9":"pa_sku-std-tab-recver-por-cadr-72x48","10":"pa_unit-pcs","12":"first","13":"instock","14":"taxable","15":"shipping-taxable","16":"product-type-simple"},"_links":{"self":[{"href":"https:\/\/ezsecur.elsnerdev.com\/fr\/wp-json\/wp\/v2\/product\/9459","targetHints":{"allow":["GET"]}}],"collection":[{"href":"https:\/\/ezsecur.elsnerdev.com\/fr\/wp-json\/wp\/v2\/product"}],"about":[{"href":"https:\/\/ezsecur.elsnerdev.com\/fr\/wp-json\/wp\/v2\/types\/product"}],"wp:featuredmedia":[{"embeddable":true,"href":"https:\/\/ezsecur.elsnerdev.com\/fr\/wp-json\/wp\/v2\/media\/27482"}],"wp:attachment":[{"href":"https:\/\/ezsecur.elsnerdev.com\/fr\/wp-json\/wp\/v2\/media?parent=9459"}],"wp:term":[{"taxonomy":"product_brand","embeddable":true,"href":"https:\/\/ezsecur.elsnerdev.com\/fr\/wp-json\/wp\/v2\/product_brand?post=9459"},{"taxonomy":"product_cat","embeddable":true,"href":"https:\/\/ezsecur.elsnerdev.com\/fr\/wp-json\/wp\/v2\/product_cat?post=9459"},{"taxonomy":"product_tag","embeddable":true,"href":"https:\/\/ezsecur.elsnerdev.com\/fr\/wp-json\/wp\/v2\/product_tag?post=9459"}],"curies":[{"name":"wp","href":"https:\/\/api.w.org\/{rel}","templated":true}]}}