{"id":9513,"date":"2023-05-14T10:18:44","date_gmt":"2023-05-14T14:18:44","guid":{"rendered":"https:\/\/c55978fc42.nxcli.io\/?post_type=product&#038;p=9513"},"modified":"2026-03-03T01:20:48","modified_gmt":"2026-03-03T06:20:48","slug":"comptoir-des-permis-de-travail-tout-aluminium-39x69x24-standard-iz","status":"publish","type":"product","link":"https:\/\/ezsecur.elsnerdev.com\/fr\/product\/comptoir-des-permis-de-travail-tout-aluminium-39x69x24-standard-iz\/","title":{"rendered":"Comptoir des permis de travail &#8211; Tout aluminium &#8211; 39x69x24 &#8211; STANDARD IZ"},"content":{"rendered":"<p>*** Fabriqu\u00e9 au Qu\u00e9bec ***<\/p>\n<p>Bas de comptoir:<\/p>\n<p>&#8211; Cadre en aluminium 1&Prime;1\/2 x 1&Prime;1\/2,<\/p>\n<p>&#8211; Capping en aluminium 0.064<\/p>\n<p>&#8211; Peinture cuite jaune s\u00e9curit\u00e9<\/p>\n<p>&#8211; Dessus de comptoir en acier inoxydable bross\u00e9<\/p>\n<p>&#8211; Porte en aluminium 064 sur cadre en aluminium 1&Prime;1\/2 x 1&Prime;1\/2, penture en acier inoxydable, barrure \u00e0 cadenas,<\/p>\n<p>&#8211; Visuel sur vinyle imprim\u00e9 lamin\u00e9 glac\u00e9<\/p>\n<p>&#8211; R\u00e9ceptacle en aluminium 064.<\/p>\n<p>Haut de comptoir:<\/p>\n<p>&#8211; Tout aluminium 064, d\u00e9coup\u00e9, pli\u00e9 et soud\u00e9<\/p>\n<p>&#8211; Peinture cuite blanche<\/p>\n<p>&#8211; Pigeonnier double<\/p>\n<p>&#8211; Jeux de deux anneaux de cartable<\/p>\n<p>&#8211; Visuel sur vinyle imprim\u00e9 lamin\u00e9<\/p>\n<p>&#8211; Identifications et logos sur mesure.<\/p>\n","protected":false},"excerpt":{"rendered":"<p>*** Fabriqu\u00e9 au Qu\u00e9bec *** Bas de comptoir: &#8211; Cadre en aluminium 1&Prime;1\/2 x 1&Prime;1\/2, &#8211; Capping en aluminium 0.064 &#8211; Peinture cuite jaune s\u00e9curit\u00e9 &#8211;<span class=\"excerpt-hellip\"> [\u2026]<\/span><\/p>\n","protected":false},"featured_media":27493,"template":"","meta":[],"product_brand":[],"product_cat":[446,458],"product_tag":[],"class_list":{"0":"post-9513","1":"product","2":"type-product","3":"status-publish","4":"has-post-thumbnail","6":"product_cat-amelioration-continue","7":"product_cat-compteurs-armoires","8":"pa_organization-ezsecur","9":"pa_sku-std-5s-arm-permis-39x69x24","10":"pa_unit-pcs","12":"first","13":"instock","14":"taxable","15":"shipping-taxable","16":"purchasable","17":"product-type-simple"},"_links":{"self":[{"href":"https:\/\/ezsecur.elsnerdev.com\/fr\/wp-json\/wp\/v2\/product\/9513","targetHints":{"allow":["GET"]}}],"collection":[{"href":"https:\/\/ezsecur.elsnerdev.com\/fr\/wp-json\/wp\/v2\/product"}],"about":[{"href":"https:\/\/ezsecur.elsnerdev.com\/fr\/wp-json\/wp\/v2\/types\/product"}],"wp:featuredmedia":[{"embeddable":true,"href":"https:\/\/ezsecur.elsnerdev.com\/fr\/wp-json\/wp\/v2\/media\/27493"}],"wp:attachment":[{"href":"https:\/\/ezsecur.elsnerdev.com\/fr\/wp-json\/wp\/v2\/media?parent=9513"}],"wp:term":[{"taxonomy":"product_brand","embeddable":true,"href":"https:\/\/ezsecur.elsnerdev.com\/fr\/wp-json\/wp\/v2\/product_brand?post=9513"},{"taxonomy":"product_cat","embeddable":true,"href":"https:\/\/ezsecur.elsnerdev.com\/fr\/wp-json\/wp\/v2\/product_cat?post=9513"},{"taxonomy":"product_tag","embeddable":true,"href":"https:\/\/ezsecur.elsnerdev.com\/fr\/wp-json\/wp\/v2\/product_tag?post=9513"}],"curies":[{"name":"wp","href":"https:\/\/api.w.org\/{rel}","templated":true}]}}